{"id":72504,"date":"2025-01-16T12:14:12","date_gmt":"2025-01-16T10:14:12","guid":{"rendered":"https:\/\/alkaline.lv\/?post_type=product&#038;p=72504"},"modified":"2025-08-24T20:37:26","modified_gmt":"2025-08-24T17:37:26","slug":"ziepes-family-lilac-dalan-5x75-g","status":"publish","type":"product","link":"https:\/\/alkaline.lv\/en\/products\/ziepes-family-lilac-dalan-5x75-g\/","title":{"rendered":"Ziepes Family Lilac Dalan, 5&#215;75 g"},"content":{"rendered":"<div class=\"simple-content\">\n<p>\u0160\u012bs ziepes lieliski att\u012bra j\u016bsu \u0101du, un t\u0101s liek justies svaigai.\u00a0Ziepes nodro\u0161ina lielisku \u0101das atdz\u012bvin\u0101\u0161anu, un t\u0101m ir mitrino\u0161s efekts.<\/p>\n<p>Svars: 75 g<\/p>\n<p>Ar neitr\u0101lu arom\u0101tu, ph neitr\u0101las, bez antibakteri\u0101l\u0101m piedev\u0101m.<\/p>\n<table class=\"table table-sm specs-table\">\n<tbody>\n<tr>\n<th scope=\"row\">Izcelsmes valsts:<\/th>\n<td>Turcija<\/td>\n<\/tr>\n<\/tbody>\n<\/table>\n<\/div>\n","protected":false},"excerpt":{"rendered":"<p>\u0160\u012bs ziepes lieliski att\u012bra j\u016bsu \u0101du, un t\u0101s liek justies svaigai.\u00a0Ziepes nodro\u0161ina lielisku \u0101das atdz\u012bvin\u0101\u0161anu, un t\u0101m ir mitrino\u0161s efekts. Svars: 75 g Ar neitr\u0101lu arom\u0101tu, ph neitr\u0101las, bez antibakteri\u0101l\u0101m piedev\u0101m. Izcelsmes valsts: Turcija<\/p>\n","protected":false},"featured_media":72505,"template":"","meta":{"inline_featured_image":false},"product_cat":[370],"product_tag":[],"class_list":{"0":"post-72504","1":"product","2":"type-product","3":"status-publish","4":"has-post-thumbnail","6":"product_cat-ziepes-gabalos","8":"first","9":"instock","10":"taxable","11":"shipping-taxable","12":"purchasable","13":"product-type-simple","14":"add-to-wishlist-after_add_to_cart"},"_links":{"self":[{"href":"https:\/\/alkaline.lv\/en\/wp-json\/wp\/v2\/product\/72504","targetHints":{"allow":["GET"]}}],"collection":[{"href":"https:\/\/alkaline.lv\/en\/wp-json\/wp\/v2\/product"}],"about":[{"href":"https:\/\/alkaline.lv\/en\/wp-json\/wp\/v2\/types\/product"}],"wp:featuredmedia":[{"embeddable":true,"href":"https:\/\/alkaline.lv\/en\/wp-json\/wp\/v2\/media\/72505"}],"wp:attachment":[{"href":"https:\/\/alkaline.lv\/en\/wp-json\/wp\/v2\/media?parent=72504"}],"wp:term":[{"taxonomy":"product_cat","embeddable":true,"href":"https:\/\/alkaline.lv\/en\/wp-json\/wp\/v2\/product_cat?post=72504"},{"taxonomy":"product_tag","embeddable":true,"href":"https:\/\/alkaline.lv\/en\/wp-json\/wp\/v2\/product_tag?post=72504"}],"curies":[{"name":"wp","href":"https:\/\/api.w.org\/{rel}","templated":true}]}}