{"id":72529,"date":"2025-01-16T14:24:05","date_gmt":"2025-01-16T12:24:05","guid":{"rendered":"https:\/\/alkaline.lv\/?post_type=product&#038;p=72529"},"modified":"2025-01-16T14:25:34","modified_gmt":"2025-01-16T12:25:34","slug":"liilia-balinasanas-pulveris-10kg","status":"publish","type":"product","link":"https:\/\/alkaline.lv\/en\/products\/liilia-balinasanas-pulveris-10kg\/","title":{"rendered":"LIILIA balin\u0101\u0161anas pulveris 10kg"},"content":{"rendered":"<p>Piem\u0113rots da\u017e\u0101du \u0161\u0137iedru baltas ve\u013cas balin\u0101\u0161anai. Nav piem\u0113rots vilnas un z\u012bda apstr\u0101dei. Efekt\u012bvi likvid\u0113 kafijas, ogu, v\u012bna, r\u016bsas u.c. traipus.<br \/>\n<strong>Lieto\u0161ana<\/strong>: m\u0113rc\u0113\u0161ana &#8211; sekojiet instrukcijai uz iepakojuma un ap\u0123\u0113rbu ra\u017eot\u0101ja nor\u0101d\u012bjumiem. Izmanto\u0161ana ve\u013cas mazg\u0101jam\u0101 ma\u0161\u012bn\u0101: ievietojiet 30-50g l\u012bdzek\u013ca tie\u0161i ve\u013cas ma\u0161\u012bn\u0101 un izmantojiet pamata mazg\u0101\u0161anas funkciju. Lai pan\u0101ktu sp\u0113c\u012bg\u0101ku iedarb\u012bbu, palieliniet daudzumu. Lai balinot ieg\u016btu lab\u0101ku rezult\u0101tu, apstr\u0101d\u0101jiet iepriek\u0161 izmazg\u0101tu ve\u013cu, nepievienojot ve\u013cas mazg\u0101\u0161anas l\u012bdzek\u013cus.<br \/>\n<strong>Sast\u0101vs<\/strong>: 15-20% n\u0101trija hidrosulf\u012bts, &lt;5% fosfon\u0101ts, enz\u012bmi<\/p>\n<h1><\/h1>\n","protected":false},"excerpt":{"rendered":"<div class=\"item_meta\"><\/div>\n<div><\/div>\n","protected":false},"featured_media":72530,"template":"","meta":{"inline_featured_image":false},"product_cat":[77],"product_tag":[],"class_list":{"0":"post-72529","1":"product","2":"type-product","3":"status-publish","4":"has-post-thumbnail","6":"product_cat-velas-mazgasanas-lidzekli","8":"first","9":"instock","10":"taxable","11":"shipping-taxable","12":"purchasable","13":"product-type-simple","14":"add-to-wishlist-after_add_to_cart"},"_links":{"self":[{"href":"https:\/\/alkaline.lv\/en\/wp-json\/wp\/v2\/product\/72529"}],"collection":[{"href":"https:\/\/alkaline.lv\/en\/wp-json\/wp\/v2\/product"}],"about":[{"href":"https:\/\/alkaline.lv\/en\/wp-json\/wp\/v2\/types\/product"}],"wp:featuredmedia":[{"embeddable":true,"href":"https:\/\/alkaline.lv\/en\/wp-json\/wp\/v2\/media\/72530"}],"wp:attachment":[{"href":"https:\/\/alkaline.lv\/en\/wp-json\/wp\/v2\/media?parent=72529"}],"wp:term":[{"taxonomy":"product_cat","embeddable":true,"href":"https:\/\/alkaline.lv\/en\/wp-json\/wp\/v2\/product_cat?post=72529"},{"taxonomy":"product_tag","embeddable":true,"href":"https:\/\/alkaline.lv\/en\/wp-json\/wp\/v2\/product_tag?post=72529"}],"curies":[{"name":"wp","href":"https:\/\/api.w.org\/{rel}","templated":true}]}}