{"id":72545,"date":"2025-01-17T15:11:16","date_gmt":"2025-01-17T13:11:16","guid":{"rendered":"https:\/\/alkaline.lv\/?post_type=product&#038;p=72545"},"modified":"2025-01-17T15:13:19","modified_gmt":"2025-01-17T13:13:19","slug":"atkritumu-maisi-merkant-45lhdpe-55x70cm-12my-20gb-rul-melns","status":"publish","type":"product","link":"https:\/\/alkaline.lv\/en\/products\/atkritumu-maisi-merkant-45lhdpe-55x70cm-12my-20gb-rul-melns\/","title":{"rendered":"Atkritumu maisi MERKANT, 45L,HDPE, (55x70cm) 12my, 20gb\/rul., melns"},"content":{"rendered":"<h5>Melni atkritumu maisi MERKANT, piem\u0113roti sadz\u012bves atkritumiem.<br \/>\nRull\u012b 20 gabali, ar perfor\u0101ciju, viegli nopl\u0113\u0161ami. Izgatavoti no<br \/>\naugsta bl\u012bvuma polietil\u0113na (HDPE).<\/h5>\n<h5><strong>Produkta specifik\u0101cija<\/strong><\/h5>\n<table width=\"705\">\n<tbody>\n<tr>\n<td>Platums<\/td>\n<td>55cm<\/td>\n<\/tr>\n<tr>\n<td>Augstums<\/td>\n<td>70cm<\/td>\n<\/tr>\n<tr>\n<td>Tilpums<\/td>\n<td>45l<\/td>\n<\/tr>\n<tr>\n<td>Kr\u0101sa<\/td>\n<td>Melna<\/td>\n<\/tr>\n<tr>\n<td>Materi\u0101ls<\/td>\n<td>HDPE<\/td>\n<\/tr>\n<tr>\n<td>Skaits rull\u012b<\/td>\n<td>20<\/td>\n<\/tr>\n<tr>\n<td><\/td>\n<td><\/td>\n<\/tr>\n<\/tbody>\n<\/table>\n<p>&nbsp;<\/p>\n","protected":false},"excerpt":{"rendered":"<div class=\"item_meta\"><\/div>\n<div><\/div>\n","protected":false},"featured_media":72546,"template":"","meta":{"inline_featured_image":false},"product_cat":[139],"product_tag":[],"class_list":{"0":"post-72545","1":"product","2":"type-product","3":"status-publish","4":"has-post-thumbnail","6":"product_cat-atkritumu-maisi-hdpe-15-100l-planie","8":"first","9":"instock","10":"taxable","11":"shipping-taxable","12":"purchasable","13":"product-type-simple","14":"add-to-wishlist-after_add_to_cart"},"_links":{"self":[{"href":"https:\/\/alkaline.lv\/en\/wp-json\/wp\/v2\/product\/72545"}],"collection":[{"href":"https:\/\/alkaline.lv\/en\/wp-json\/wp\/v2\/product"}],"about":[{"href":"https:\/\/alkaline.lv\/en\/wp-json\/wp\/v2\/types\/product"}],"wp:featuredmedia":[{"embeddable":true,"href":"https:\/\/alkaline.lv\/en\/wp-json\/wp\/v2\/media\/72546"}],"wp:attachment":[{"href":"https:\/\/alkaline.lv\/en\/wp-json\/wp\/v2\/media?parent=72545"}],"wp:term":[{"taxonomy":"product_cat","embeddable":true,"href":"https:\/\/alkaline.lv\/en\/wp-json\/wp\/v2\/product_cat?post=72545"},{"taxonomy":"product_tag","embeddable":true,"href":"https:\/\/alkaline.lv\/en\/wp-json\/wp\/v2\/product_tag?post=72545"}],"curies":[{"name":"wp","href":"https:\/\/api.w.org\/{rel}","templated":true}]}}