{"id":72559,"date":"2025-01-17T21:08:03","date_gmt":"2025-01-17T19:08:03","guid":{"rendered":"https:\/\/alkaline.lv\/?post_type=product&#038;p=72559"},"modified":"2025-10-02T11:13:06","modified_gmt":"2025-10-02T08:13:06","slug":"ventilators-uz-stativa-comfort-40cm","status":"publish","type":"product","link":"https:\/\/alkaline.lv\/en\/products\/ventilators-uz-stativa-comfort-40cm\/","title":{"rendered":"Ventilators uz stat\u012bva Comfort 40cm"},"content":{"rendered":"<div class=\"item_meta\">\n<div class=\"prodview-info-about\">\n<div class=\"prodview-info-about\">\n<div class=\"prodview-info-about\">\n<div class=\"prodview-info-about\">\n<div class=\"prodview-info-about\">\n<div class=\"prodview-info-about\">\n<div class=\"prodview-info-about\">\n<div class=\"prodview-info-about\">\n<div class=\"prodview-info-about\">\n<div class=\"prodview-info-about\">\n<div class=\"prodview-info-about\">\u0101trumu skaits: 3<br \/>\ndiametrs: 40cm<br \/>\njauda (W): 45W<br \/>\nkr\u0101sa: Balta<br \/>\nmodelis: C547<br \/>\nT\u0101lvad\u012bbas pults: N\u0113<\/div>\n<div>korpusa grie\u0161an\u0101s gr\u0101di: 90 \u00b0<\/div>\n<div class=\"prodview-info-about\">Augstums: 44.5cm<br \/>\nz\u012bmols: Comfort<\/div>\n<\/div>\n<div class=\"prodview-info-about\">\n<div class=\"PRODUCT__description desc description\">\n<p>&nbsp;<\/p>\n<\/div>\n<div class=\"PRODUCT__actions\">\n<div class=\"PRODUCT__actions-item\"><\/div>\n<\/div>\n<\/div>\n<p>&nbsp;<\/p>\n<\/div>\n<\/div>\n<\/div>\n<\/div>\n<\/div>\n<\/div>\n<\/div>\n<\/div>\n<\/div>\n<\/div>\n","protected":false},"excerpt":{"rendered":"<div class=\"item_meta\"><\/div>\n<div><\/div>\n","protected":false},"featured_media":72560,"template":"","meta":{"inline_featured_image":false},"product_cat":[1816],"product_tag":[],"class_list":{"0":"post-72559","1":"product","2":"type-product","3":"status-publish","4":"has-post-thumbnail","6":"product_cat-ventilatori","8":"first","9":"instock","10":"taxable","11":"shipping-taxable","12":"purchasable","13":"product-type-simple","14":"add-to-wishlist-after_add_to_cart"},"_links":{"self":[{"href":"https:\/\/alkaline.lv\/en\/wp-json\/wp\/v2\/product\/72559"}],"collection":[{"href":"https:\/\/alkaline.lv\/en\/wp-json\/wp\/v2\/product"}],"about":[{"href":"https:\/\/alkaline.lv\/en\/wp-json\/wp\/v2\/types\/product"}],"wp:featuredmedia":[{"embeddable":true,"href":"https:\/\/alkaline.lv\/en\/wp-json\/wp\/v2\/media\/72560"}],"wp:attachment":[{"href":"https:\/\/alkaline.lv\/en\/wp-json\/wp\/v2\/media?parent=72559"}],"wp:term":[{"taxonomy":"product_cat","embeddable":true,"href":"https:\/\/alkaline.lv\/en\/wp-json\/wp\/v2\/product_cat?post=72559"},{"taxonomy":"product_tag","embeddable":true,"href":"https:\/\/alkaline.lv\/en\/wp-json\/wp\/v2\/product_tag?post=72559"}],"curies":[{"name":"wp","href":"https:\/\/api.w.org\/{rel}","templated":true}]}}