{"id":72570,"date":"2025-01-17T21:40:28","date_gmt":"2025-01-17T19:40:28","guid":{"rendered":"https:\/\/alkaline.lv\/?post_type=product&#038;p=72570"},"modified":"2026-02-01T20:00:44","modified_gmt":"2026-02-01T18:00:44","slug":"ellas-radiators-comfort-2500w","status":"publish","type":"product","link":"https:\/\/alkaline.lv\/en\/products\/ellas-radiators-comfort-2500w\/","title":{"rendered":"Elektriskais e\u013c\u013cas radiators 2500W, 11.sekcijas\/balts"},"content":{"rendered":"<div class=\"item_meta\">\n<div class=\"prodview-info-about\">\n<div class=\"prodview-info-about\">\n<div class=\"prodview-info-about\">\n<div class=\"prodview-info-about\">\n<div class=\"prodview-info-about\">\n<div class=\"prodview-info-about\">\n<div class=\"prodview-info-about\">\n<div class=\"prodview-info-about\">\n<div class=\"prodview-info-about\">\n<div class=\"prodview-info-about\">\n<div class=\"prodview-info-about\">\n<div class=\"flex w-full flex-col items-stretch \">\n<div class=\"mt-5 flex flex-col items-stretch lg:border-none\">\n<div class=\"flex w-full flex-col lg:w-full\">\n<div class=\"flex h-6 items-center border-y border-gray-200 bg-[#F0F1F2] px-2 text-base font-bold text-gray-700\"><\/div>\n<div class=\"flex flex-col divide-y divide-gray-200\">\n<div class=\"grid min-h-[30px] grid-cols-2 gap-x-2 overflow-hidden px-3 text-xs font-normal text-gray-700\">\n<div class=\"flex items-center\">Augstums (mm) 655<\/div>\n<\/div>\n<div class=\"grid min-h-[30px] grid-cols-2 gap-x-2 overflow-hidden px-3 text-xs font-normal text-gray-700\">\n<div class=\"flex items-center\">Dzi\u013cums (mm) 135<\/div>\n<\/div>\n<div class=\"grid min-h-[30px] grid-cols-2 gap-x-2 overflow-hidden px-3 text-xs font-normal text-gray-700\">\n<div class=\"flex items-center\">Jauda (W) 2500<\/div>\n<\/div>\n<div class=\"grid min-h-[30px] grid-cols-2 gap-x-2 overflow-hidden px-3 text-xs font-normal text-gray-700\">\n<div class=\"flex items-center\">Kr\u0101sa Balta<\/div>\n<\/div>\n<div class=\"grid min-h-[30px] grid-cols-2 gap-x-2 overflow-hidden px-3 text-xs font-normal text-gray-700\">\n<div class=\"flex items-center\">Materi\u0101ls Ner\u016bs\u0113jo\u0161ais t\u0113rauds<\/div>\n<\/div>\n<div class=\"grid min-h-[30px] grid-cols-2 gap-x-2 overflow-hidden px-3 text-xs font-normal text-gray-700\">\n<div class=\"flex items-center\">Platums (mm) 520<\/div>\n<\/div>\n<div class=\"grid min-h-[30px] grid-cols-2 gap-x-2 overflow-hidden px-3 text-xs font-normal text-gray-700\">\n<div class=\"flex items-center font-semibold\">Spriegums (V) 220<\/div>\n<\/div>\n<div class=\"grid min-h-[30px] grid-cols-2 gap-x-2 overflow-hidden px-3 text-xs font-normal text-gray-700\">\n<div class=\"flex items-center\">Z\u012bmols Warm House<\/div>\n<\/div>\n<div class=\"grid min-h-[30px] grid-cols-2 gap-x-2 overflow-hidden px-3 text-xs font-normal text-gray-700\">\n<div class=\"flex items-center\">Sekciju skaits (gab.) 11<\/div>\n<\/div>\n<div class=\"grid min-h-[30px] grid-cols-2 gap-x-2 overflow-hidden px-3 text-xs font-normal text-gray-700\">\n<div class=\"flex items-center\">Veids E\u013c\u013cas radiators<\/div>\n<\/div>\n<div class=\"grid min-h-[30px] grid-cols-2 gap-x-2 overflow-hidden px-3 text-xs font-normal text-gray-700\">\n<div class=\"flex items-center\">Rokturis J\u0101<\/div>\n<\/div>\n<div class=\"grid min-h-[30px] grid-cols-2 gap-x-2 overflow-hidden px-3 text-xs font-normal text-gray-700\">\n<div class=\"flex items-center\">Paredz\u0113ts plat\u012bbai (m2) 23-25<\/div>\n<\/div>\n<div class=\"grid min-h-[30px] grid-cols-2 gap-x-2 overflow-hidden px-3 text-xs font-normal text-gray-700\">\n<div class=\"flex items-center\">Aizsardz\u012bbas klase (IP) X0<\/div>\n<\/div>\n<div class=\"grid min-h-[30px] grid-cols-2 gap-x-2 overflow-hidden px-3 text-xs font-normal text-gray-700\">\n<div class=\"flex items-center\">Taimeris N\u0113<\/div>\n<\/div>\n<div class=\"grid min-h-[30px] grid-cols-2 gap-x-2 overflow-hidden px-3 text-xs font-normal text-gray-700\">\n<div class=\"flex items-center\">Aizsardz\u012bba pret p\u0101rkar\u0161anu J\u0101<\/div>\n<\/div>\n<div class=\"grid min-h-[30px] grid-cols-2 gap-x-2 overflow-hidden px-3 text-xs font-normal text-gray-700\">\n<div class=\"flex items-center\">Baro\u0161anas kabe\u013ca garums (m) 1.5<\/div>\n<\/div>\n<div class=\"grid min-h-[30px] grid-cols-2 gap-x-2 overflow-hidden px-3 text-xs font-normal text-gray-700\">\n<div class=\"flex items-center\">Termostats J\u0101<\/div>\n<\/div>\n<div class=\"grid min-h-[30px] grid-cols-2 gap-x-2 overflow-hidden px-3 text-xs font-normal text-gray-700\">\n<div class=\"flex items-center\">Rite\u0146i J\u0101<\/div>\n<\/div>\n<div class=\"grid min-h-[30px] grid-cols-2 gap-x-2 overflow-hidden px-3 text-xs font-normal text-gray-700\">\n<div class=\"flex items-center\">T\u0101lvad\u012bba N\u0113<\/div>\n<\/div>\n<div class=\"grid min-h-[30px] grid-cols-2 gap-x-2 overflow-hidden px-3 text-xs font-normal text-gray-700\">\n<div class=\"flex items-center\">Valsts CN<\/div>\n<\/div>\n<div class=\"grid min-h-[30px] grid-cols-2 gap-x-2 overflow-hidden px-3 text-xs font-normal text-gray-700\">\n<div class=\"flex items-center\">Svars 5.50<\/div>\n<\/div>\n<div class=\"grid min-h-[30px] grid-cols-2 gap-x-2 overflow-hidden px-3 text-xs font-normal text-gray-700\">\n<div class=\"flex items-center\">Sv\u012btrkods 2770050093175<\/div>\n<\/div>\n<\/div>\n<\/div>\n<\/div>\n<\/div>\n<\/div>\n<\/div>\n<div class=\"prodview-info-about\">\n<div class=\"PRODUCT__description desc description\">\n<p>&nbsp;<\/p>\n<\/div>\n<div class=\"PRODUCT__actions\">\n<div class=\"PRODUCT__actions-item\"><\/div>\n<\/div>\n<\/div>\n<p>&nbsp;<\/p>\n<\/div>\n<\/div>\n<\/div>\n<\/div>\n<\/div>\n<\/div>\n<\/div>\n<\/div>\n<\/div>\n<\/div>\n","protected":false},"excerpt":{"rendered":"<div class=\"item_meta\"><\/div>\n<div><\/div>\n","protected":false},"featured_media":73518,"template":"","meta":{"inline_featured_image":false},"product_cat":[1817],"product_tag":[],"class_list":{"0":"post-72570","1":"product","2":"type-product","3":"status-publish","4":"has-post-thumbnail","6":"product_cat-ellas-radiators","8":"first","9":"instock","10":"taxable","11":"shipping-taxable","12":"purchasable","13":"product-type-simple","14":"add-to-wishlist-after_add_to_cart"},"_links":{"self":[{"href":"https:\/\/alkaline.lv\/en\/wp-json\/wp\/v2\/product\/72570"}],"collection":[{"href":"https:\/\/alkaline.lv\/en\/wp-json\/wp\/v2\/product"}],"about":[{"href":"https:\/\/alkaline.lv\/en\/wp-json\/wp\/v2\/types\/product"}],"wp:featuredmedia":[{"embeddable":true,"href":"https:\/\/alkaline.lv\/en\/wp-json\/wp\/v2\/media\/73518"}],"wp:attachment":[{"href":"https:\/\/alkaline.lv\/en\/wp-json\/wp\/v2\/media?parent=72570"}],"wp:term":[{"taxonomy":"product_cat","embeddable":true,"href":"https:\/\/alkaline.lv\/en\/wp-json\/wp\/v2\/product_cat?post=72570"},{"taxonomy":"product_tag","embeddable":true,"href":"https:\/\/alkaline.lv\/en\/wp-json\/wp\/v2\/product_tag?post=72570"}],"curies":[{"name":"wp","href":"https:\/\/api.w.org\/{rel}","templated":true}]}}