{"id":72587,"date":"2025-01-18T19:06:27","date_gmt":"2025-01-18T17:06:27","guid":{"rendered":"https:\/\/alkaline.lv\/?post_type=product&#038;p=72587"},"modified":"2025-01-18T19:07:11","modified_gmt":"2025-01-18T17:07:11","slug":"aromatizets-pisuara-ieliktnis-spring-30-dienam-zals","status":"publish","type":"product","link":"https:\/\/alkaline.lv\/en\/products\/aromatizets-pisuara-ieliktnis-spring-30-dienam-zals\/","title":{"rendered":"Aromatiz\u0113ts pisu\u0101ra ieliktnis Spring, 30 dien\u0101m, za\u013c\u0161"},"content":{"rendered":"<div class=\"simple-content\">\n<div class=\"simple-content\">\n<div class=\"simple-content\">\n<div class=\"simple-content\">\n<div class=\"simple-content\">\n<div class=\"simple-content\">\n<div class=\"item-long-desc\">\n<div class=\"zeborah mb-32\">\n<div class=\"zeborah-row\">\n<div class=\"row\">\n<div class=\"col-6\">\u2022Pateicoties vienk\u0101r\u0161ai lieto\u0161anai un elast\u012bbai, tas nov\u0113r\u0161 nepat\u012bkamas smakas ikvien\u0101 izlietn\u0113, vann\u0101, pisu\u0101r\u0101 un vannas istab\u0101.<br \/>\n\u2022 Tas nodro\u0161ina efekt\u012bvu smar\u017eu 30 dienas.<br \/>\n\u2022 Izplata telp\u0101 svaigu un t\u012bru arom\u0101tu.<br \/>\n\u2022 Iztur\u012bgs pret net\u012brumu traipiem.<br \/>\n\u2022 Tas neiz\u0161\u013cakst\u0101s, pateicoties t\u0101 cie\u0161ajai un st\u012bgajai strukt\u016brai.<br \/>\n\u2022 Pateicoties apak\u0161\u0101 eso\u0161ajiem balstiem, tas paliek augstu no virsmas, atvieglo \u0161\u0137idruma pl\u016bsmu un darbojas k\u0101\u00a0\u00a0filtrs.<br \/>\n\u2022 Ir iesp\u0113ja nor\u0101d\u012bt\u00a0\u00a0datumu kad ievietots.<br \/>\n\u2022 Vair\u0101k smar\u017ea izdal\u0101s saskar\u0113 ar temperat\u016bras paaugstin\u0101\u0161anos un ur\u012bnu.<br \/>\n\u2022 Izm\u0113ri 17&#215;1,5&#215;17 cm<\/div>\n<\/div>\n<\/div>\n<\/div>\n<\/div>\n<\/div>\n<\/div>\n<\/div>\n<\/div>\n<\/div>\n<\/div>\n","protected":false},"excerpt":{"rendered":"<div class=\"item_meta\"><\/div>\n<div><\/div>\n","protected":false},"featured_media":72588,"template":"","meta":{"inline_featured_image":false},"product_cat":[239],"product_tag":[],"class_list":{"0":"post-72587","1":"product","2":"type-product","3":"status-publish","4":"has-post-thumbnail","6":"product_cat-wc-ieliktni-un-pisuara-tabletes","8":"first","9":"instock","10":"taxable","11":"shipping-taxable","12":"purchasable","13":"product-type-simple","14":"add-to-wishlist-after_add_to_cart"},"_links":{"self":[{"href":"https:\/\/alkaline.lv\/en\/wp-json\/wp\/v2\/product\/72587"}],"collection":[{"href":"https:\/\/alkaline.lv\/en\/wp-json\/wp\/v2\/product"}],"about":[{"href":"https:\/\/alkaline.lv\/en\/wp-json\/wp\/v2\/types\/product"}],"wp:featuredmedia":[{"embeddable":true,"href":"https:\/\/alkaline.lv\/en\/wp-json\/wp\/v2\/media\/72588"}],"wp:attachment":[{"href":"https:\/\/alkaline.lv\/en\/wp-json\/wp\/v2\/media?parent=72587"}],"wp:term":[{"taxonomy":"product_cat","embeddable":true,"href":"https:\/\/alkaline.lv\/en\/wp-json\/wp\/v2\/product_cat?post=72587"},{"taxonomy":"product_tag","embeddable":true,"href":"https:\/\/alkaline.lv\/en\/wp-json\/wp\/v2\/product_tag?post=72587"}],"curies":[{"name":"wp","href":"https:\/\/api.w.org\/{rel}","templated":true}]}}