{"id":72619,"date":"2025-01-19T10:48:56","date_gmt":"2025-01-19T08:48:56","guid":{"rendered":"https:\/\/alkaline.lv\/?post_type=product&#038;p=72619"},"modified":"2025-12-03T21:06:59","modified_gmt":"2025-12-03T19:06:59","slug":"ekopack-basic-roku-dvieli-rullos-100m-6-rulli-iep-balts","status":"publish","type":"product","link":"https:\/\/alkaline.lv\/en\/products\/ekopack-basic-roku-dvieli-rullos-100m-6-rulli-iep-balts\/","title":{"rendered":"EkoPack Basic roku dvie\u013ci ru\u013c\u013cos 100m, 2 sl\u0101\u0146i, 6 ru\u013c\u013ci\/iep., balts"},"content":{"rendered":"<ul>\n<li>Materi\u0101ls: P\u0101rstr\u0101d\u0101ta \u0161\u0137iedra (balts)<\/li>\n<li>Sl\u0101\u0146u skaits: 2<\/li>\n<li>Ru\u013c\u013ca platums: 175mm<\/li>\n<li>Ru\u013c\u013ca diametrs: 190mm<\/li>\n<li>Perfor\u0101cija: 240mm<\/li>\n<li>Garums: 100m<\/li>\n<li>Iepakojum\u0101: 6gb<\/li>\n<li>Bez serdes<\/li>\n<\/ul>\n","protected":false},"excerpt":{"rendered":"<p>Materi\u0101ls: P\u0101rstr\u0101d\u0101ta \u0161\u0137iedra (balts) Sl\u0101\u0146u skaits: 2 Ru\u013c\u013ca platums: 175mm Ru\u013c\u013ca diametrs: 190mm Perfor\u0101cija: 240mm Garums: 100m Iepakojum\u0101: 6gb Bez serdes<\/p>\n","protected":false},"featured_media":72615,"template":"","meta":{"inline_featured_image":false},"product_cat":[1823],"product_tag":[],"class_list":{"0":"post-72619","1":"product","2":"type-product","3":"status-publish","4":"has-post-thumbnail","6":"product_cat-spec-pasutijums","8":"first","9":"instock","10":"taxable","11":"shipping-taxable","12":"purchasable","13":"product-type-simple","14":"add-to-wishlist-after_add_to_cart"},"_links":{"self":[{"href":"https:\/\/alkaline.lv\/en\/wp-json\/wp\/v2\/product\/72619"}],"collection":[{"href":"https:\/\/alkaline.lv\/en\/wp-json\/wp\/v2\/product"}],"about":[{"href":"https:\/\/alkaline.lv\/en\/wp-json\/wp\/v2\/types\/product"}],"wp:featuredmedia":[{"embeddable":true,"href":"https:\/\/alkaline.lv\/en\/wp-json\/wp\/v2\/media\/72615"}],"wp:attachment":[{"href":"https:\/\/alkaline.lv\/en\/wp-json\/wp\/v2\/media?parent=72619"}],"wp:term":[{"taxonomy":"product_cat","embeddable":true,"href":"https:\/\/alkaline.lv\/en\/wp-json\/wp\/v2\/product_cat?post=72619"},{"taxonomy":"product_tag","embeddable":true,"href":"https:\/\/alkaline.lv\/en\/wp-json\/wp\/v2\/product_tag?post=72619"}],"curies":[{"name":"wp","href":"https:\/\/api.w.org\/{rel}","templated":true}]}}