{"id":72628,"date":"2025-01-19T12:37:06","date_gmt":"2025-01-19T10:37:06","guid":{"rendered":"https:\/\/alkaline.lv\/?post_type=product&#038;p=72628"},"modified":"2025-12-03T22:36:12","modified_gmt":"2025-12-03T20:36:12","slug":"ekopack-basic-roku-dvieli-rullos-32m-20-rulli-iep-peleks","status":"publish","type":"product","link":"https:\/\/alkaline.lv\/en\/products\/ekopack-basic-roku-dvieli-rullos-32m-20-rulli-iep-peleks\/","title":{"rendered":"EkoPack Basic roku dvie\u013ci ru\u013c\u013cos 32m, 2 sl\u0101\u0146i, 20 ru\u013c\u013ci\/iep., pel\u0113ks"},"content":{"rendered":"<ul>\n<li>Matere\u0101ls:\u00a0P\u0101rstr\u0101d\u0101ta \u0161\u0137iedra ar iespiedumu\u00a0(pel\u0113ks)<\/li>\n<li>Sl\u0101\u0146u skaits: 2<\/li>\n<li>Ru\u013c\u013ca platums: 190mm<\/li>\n<li>Ru\u013c\u013ca diametrs: 125mm<\/li>\n<li>Perfor\u0101cija: 240mm<\/li>\n<li>Garums: 32m<\/li>\n<li>Iepakojum\u0101: 20gb<\/li>\n<\/ul>\n","protected":false},"excerpt":{"rendered":"<p>Matere\u0101ls:\u00a0P\u0101rstr\u0101d\u0101ta \u0161\u0137iedra ar iespiedumu\u00a0(pel\u0113ks) Sl\u0101\u0146u skaits: 2 Ru\u013c\u013ca platums: 190mm Ru\u013c\u013ca diametrs: 125mm Perfor\u0101cija: 240mm Garums: 32m Iepakojum\u0101: 20gb<\/p>\n","protected":false},"featured_media":72623,"template":"","meta":{"inline_featured_image":false},"product_cat":[1823],"product_tag":[],"class_list":{"0":"post-72628","1":"product","2":"type-product","3":"status-publish","4":"has-post-thumbnail","6":"product_cat-spec-pasutijums","8":"first","9":"instock","10":"taxable","11":"shipping-taxable","12":"purchasable","13":"product-type-simple","14":"add-to-wishlist-after_add_to_cart"},"_links":{"self":[{"href":"https:\/\/alkaline.lv\/en\/wp-json\/wp\/v2\/product\/72628"}],"collection":[{"href":"https:\/\/alkaline.lv\/en\/wp-json\/wp\/v2\/product"}],"about":[{"href":"https:\/\/alkaline.lv\/en\/wp-json\/wp\/v2\/types\/product"}],"wp:featuredmedia":[{"embeddable":true,"href":"https:\/\/alkaline.lv\/en\/wp-json\/wp\/v2\/media\/72623"}],"wp:attachment":[{"href":"https:\/\/alkaline.lv\/en\/wp-json\/wp\/v2\/media?parent=72628"}],"wp:term":[{"taxonomy":"product_cat","embeddable":true,"href":"https:\/\/alkaline.lv\/en\/wp-json\/wp\/v2\/product_cat?post=72628"},{"taxonomy":"product_tag","embeddable":true,"href":"https:\/\/alkaline.lv\/en\/wp-json\/wp\/v2\/product_tag?post=72628"}],"curies":[{"name":"wp","href":"https:\/\/api.w.org\/{rel}","templated":true}]}}