{"id":72645,"date":"2025-01-19T14:09:54","date_gmt":"2025-01-19T12:09:54","guid":{"rendered":"https:\/\/alkaline.lv\/?post_type=product&#038;p=72645"},"modified":"2025-12-03T22:12:50","modified_gmt":"2025-12-03T20:12:50","slug":"ekopack-basic-tualetes-papirs-rullos-300m-1-slanis-6-rulli-iep-peleks","status":"publish","type":"product","link":"https:\/\/alkaline.lv\/en\/products\/ekopack-basic-tualetes-papirs-rullos-300m-1-slanis-6-rulli-iep-peleks\/","title":{"rendered":"EkoPack Basic tualetes pap\u012brs ru\u013c\u013cos 300m, 1 sl\u0101nis, 6 ru\u013c\u013ci\/iep., pel\u0113ks"},"content":{"rendered":"<ul>\n<li>Materi\u0101ls: P\u0101rstr\u0101d\u0101ta \u0161\u0137iedra ar iespiedumu (pel\u0113ks)<\/li>\n<li>Sl\u0101\u0146u skaits:\u00a01<\/li>\n<li>Ru\u013c\u013ca platums: 90mm<\/li>\n<li>Ru\u013c\u013ca diametrs: 220mm<\/li>\n<li>Perfor\u0101cija: 240mm<\/li>\n<li>Ru\u013c\u013ca garums: 300m<\/li>\n<li>Iepakojum\u0101: 6gb<\/li>\n<\/ul>\n","protected":false},"excerpt":{"rendered":"<p>Materi\u0101ls: P\u0101rstr\u0101d\u0101ta \u0161\u0137iedra ar iespiedumu (pel\u0113ks) Sl\u0101\u0146u skaits:\u00a01 Ru\u013c\u013ca platums: 90mm Ru\u013c\u013ca diametrs: 220mm Perfor\u0101cija: 240mm Ru\u013c\u013ca garums: 300m Iepakojum\u0101: 6gb<\/p>\n","protected":false},"featured_media":72642,"template":"","meta":{"inline_featured_image":false},"product_cat":[1823],"product_tag":[],"class_list":{"0":"post-72645","1":"product","2":"type-product","3":"status-publish","4":"has-post-thumbnail","6":"product_cat-spec-pasutijums","8":"first","9":"instock","10":"taxable","11":"shipping-taxable","12":"purchasable","13":"product-type-simple","14":"add-to-wishlist-after_add_to_cart"},"_links":{"self":[{"href":"https:\/\/alkaline.lv\/en\/wp-json\/wp\/v2\/product\/72645"}],"collection":[{"href":"https:\/\/alkaline.lv\/en\/wp-json\/wp\/v2\/product"}],"about":[{"href":"https:\/\/alkaline.lv\/en\/wp-json\/wp\/v2\/types\/product"}],"wp:featuredmedia":[{"embeddable":true,"href":"https:\/\/alkaline.lv\/en\/wp-json\/wp\/v2\/media\/72642"}],"wp:attachment":[{"href":"https:\/\/alkaline.lv\/en\/wp-json\/wp\/v2\/media?parent=72645"}],"wp:term":[{"taxonomy":"product_cat","embeddable":true,"href":"https:\/\/alkaline.lv\/en\/wp-json\/wp\/v2\/product_cat?post=72645"},{"taxonomy":"product_tag","embeddable":true,"href":"https:\/\/alkaline.lv\/en\/wp-json\/wp\/v2\/product_tag?post=72645"}],"curies":[{"name":"wp","href":"https:\/\/api.w.org\/{rel}","templated":true}]}}