{"id":72652,"date":"2025-01-19T14:33:24","date_gmt":"2025-01-19T12:33:24","guid":{"rendered":"https:\/\/alkaline.lv\/?post_type=product&#038;p=72652"},"modified":"2025-12-03T22:09:05","modified_gmt":"2025-12-03T20:09:05","slug":"ekopack-basic-tualetes-papirs-rullos-135m-2-slani-12-rulli-iep-peleks","status":"publish","type":"product","link":"https:\/\/alkaline.lv\/en\/products\/ekopack-basic-tualetes-papirs-rullos-135m-2-slani-12-rulli-iep-peleks\/","title":{"rendered":"EkoPack Basic tualetes pap\u012brs ru\u013c\u013cos 135m, 2 sl\u0101\u0146i, 12 ru\u013c\u013ci\/iep., pel\u0113ks"},"content":{"rendered":"<ul>\n<li>Materi\u0101ls: P\u0101rstr\u0101d\u0101ta \u0161\u0137iedra ar iespiedumu (pel\u0113ks)<\/li>\n<li>Sl\u0101\u0146u skaits: 2<\/li>\n<li>Ru\u013c\u013ca platums: 95mm<\/li>\n<li>Ru\u013c\u013ca diametrs: 170mm<\/li>\n<li>Perfor\u0101cija: 250mm<\/li>\n<li>Ru\u013c\u013ca garums: 135m<\/li>\n<li>Iepakojum\u0101: 12gb<\/li>\n<\/ul>\n","protected":false},"excerpt":{"rendered":"<p>Materi\u0101ls: P\u0101rstr\u0101d\u0101ta \u0161\u0137iedra ar iespiedumu (pel\u0113ks) Sl\u0101\u0146u skaits: 2 Ru\u013c\u013ca platums: 95mm Ru\u013c\u013ca diametrs: 170mm Perfor\u0101cija: 250mm Ru\u013c\u013ca garums: 135m Iepakojum\u0101: 12gb<\/p>\n","protected":false},"featured_media":72638,"template":"","meta":{"inline_featured_image":false},"product_cat":[1823],"product_tag":[],"class_list":{"0":"post-72652","1":"product","2":"type-product","3":"status-publish","4":"has-post-thumbnail","6":"product_cat-spec-pasutijums","8":"first","9":"instock","10":"taxable","11":"shipping-taxable","12":"purchasable","13":"product-type-simple","14":"add-to-wishlist-after_add_to_cart"},"_links":{"self":[{"href":"https:\/\/alkaline.lv\/en\/wp-json\/wp\/v2\/product\/72652"}],"collection":[{"href":"https:\/\/alkaline.lv\/en\/wp-json\/wp\/v2\/product"}],"about":[{"href":"https:\/\/alkaline.lv\/en\/wp-json\/wp\/v2\/types\/product"}],"wp:featuredmedia":[{"embeddable":true,"href":"https:\/\/alkaline.lv\/en\/wp-json\/wp\/v2\/media\/72638"}],"wp:attachment":[{"href":"https:\/\/alkaline.lv\/en\/wp-json\/wp\/v2\/media?parent=72652"}],"wp:term":[{"taxonomy":"product_cat","embeddable":true,"href":"https:\/\/alkaline.lv\/en\/wp-json\/wp\/v2\/product_cat?post=72652"},{"taxonomy":"product_tag","embeddable":true,"href":"https:\/\/alkaline.lv\/en\/wp-json\/wp\/v2\/product_tag?post=72652"}],"curies":[{"name":"wp","href":"https:\/\/api.w.org\/{rel}","templated":true}]}}