{"id":72687,"date":"2025-01-20T18:08:51","date_gmt":"2025-01-20T16:08:51","guid":{"rendered":"https:\/\/alkaline.lv\/?post_type=product&#038;p=72687"},"modified":"2025-01-20T18:12:13","modified_gmt":"2025-01-20T16:12:13","slug":"eiropas-savienibas-karogs-100x200cm-karoga-katam","status":"publish","type":"product","link":"https:\/\/alkaline.lv\/en\/products\/eiropas-savienibas-karogs-100x200cm-karoga-katam\/","title":{"rendered":"Eiropas Savien\u012bbas karogs 100x200cm (Karoga k\u0101tam)"},"content":{"rendered":"<p>Eiropas Savien\u012bbas karogs 100x200cm (Karoga k\u0101tam)<\/p>\n","protected":false},"excerpt":{"rendered":"<div class=\"item_meta\"><\/div>\n<div><\/div>\n","protected":false},"featured_media":72688,"template":"","meta":{"inline_featured_image":false},"product_cat":[1818],"product_tag":[],"class_list":{"0":"post-72687","1":"product","2":"type-product","3":"status-publish","4":"has-post-thumbnail","6":"product_cat-karogi-un-kati","8":"first","9":"instock","10":"taxable","11":"shipping-taxable","12":"purchasable","13":"product-type-simple","14":"add-to-wishlist-after_add_to_cart"},"_links":{"self":[{"href":"https:\/\/alkaline.lv\/en\/wp-json\/wp\/v2\/product\/72687"}],"collection":[{"href":"https:\/\/alkaline.lv\/en\/wp-json\/wp\/v2\/product"}],"about":[{"href":"https:\/\/alkaline.lv\/en\/wp-json\/wp\/v2\/types\/product"}],"wp:featuredmedia":[{"embeddable":true,"href":"https:\/\/alkaline.lv\/en\/wp-json\/wp\/v2\/media\/72688"}],"wp:attachment":[{"href":"https:\/\/alkaline.lv\/en\/wp-json\/wp\/v2\/media?parent=72687"}],"wp:term":[{"taxonomy":"product_cat","embeddable":true,"href":"https:\/\/alkaline.lv\/en\/wp-json\/wp\/v2\/product_cat?post=72687"},{"taxonomy":"product_tag","embeddable":true,"href":"https:\/\/alkaline.lv\/en\/wp-json\/wp\/v2\/product_tag?post=72687"}],"curies":[{"name":"wp","href":"https:\/\/api.w.org\/{rel}","templated":true}]}}