{"id":72697,"date":"2025-01-20T18:51:41","date_gmt":"2025-01-20T16:51:41","guid":{"rendered":"https:\/\/alkaline.lv\/?post_type=product&#038;p=72697"},"modified":"2026-01-27T20:03:28","modified_gmt":"2026-01-27T18:03:28","slug":"kajslaukis-stud-60x90cm-100-kaucuks","status":"publish","type":"product","link":"https:\/\/alkaline.lv\/en\/products\/kajslaukis-stud-60x90cm-100-kaucuks\/","title":{"rendered":"Pakl\u0101js polipropil\u0113na 60&#215;90"},"content":{"rendered":"<p>Pakl\u0101js polipropil\u0113na 60&#215;90<\/p>\n","protected":false},"excerpt":{"rendered":"<div class=\"item_meta\"><\/div>\n<div><\/div>\n","protected":false},"featured_media":73502,"template":"","meta":{"inline_featured_image":false},"product_cat":[1819],"product_tag":[],"class_list":{"0":"post-72697","1":"product","2":"type-product","3":"status-publish","4":"has-post-thumbnail","6":"product_cat-kajslauki","8":"first","9":"instock","10":"taxable","11":"shipping-taxable","12":"purchasable","13":"product-type-simple","14":"add-to-wishlist-after_add_to_cart"},"_links":{"self":[{"href":"https:\/\/alkaline.lv\/en\/wp-json\/wp\/v2\/product\/72697","targetHints":{"allow":["GET"]}}],"collection":[{"href":"https:\/\/alkaline.lv\/en\/wp-json\/wp\/v2\/product"}],"about":[{"href":"https:\/\/alkaline.lv\/en\/wp-json\/wp\/v2\/types\/product"}],"wp:featuredmedia":[{"embeddable":true,"href":"https:\/\/alkaline.lv\/en\/wp-json\/wp\/v2\/media\/73502"}],"wp:attachment":[{"href":"https:\/\/alkaline.lv\/en\/wp-json\/wp\/v2\/media?parent=72697"}],"wp:term":[{"taxonomy":"product_cat","embeddable":true,"href":"https:\/\/alkaline.lv\/en\/wp-json\/wp\/v2\/product_cat?post=72697"},{"taxonomy":"product_tag","embeddable":true,"href":"https:\/\/alkaline.lv\/en\/wp-json\/wp\/v2\/product_tag?post=72697"}],"curies":[{"name":"wp","href":"https:\/\/api.w.org\/{rel}","templated":true}]}}