{"id":72771,"date":"2025-01-22T13:36:38","date_gmt":"2025-01-22T11:36:38","guid":{"rendered":"https:\/\/alkaline.lv\/?post_type=product&#038;p=72771"},"modified":"2025-01-22T13:43:59","modified_gmt":"2025-01-22T11:43:59","slug":"bros-skidrums-pret-odiem-un-ercem-100ml","status":"publish","type":"product","link":"https:\/\/alkaline.lv\/en\/products\/bros-skidrums-pret-odiem-un-ercem-100ml\/","title":{"rendered":"Bros \u0161\u0137\u012bdrums pret odiem un \u0113rc\u0113m, 100ml"},"content":{"rendered":"<div class=\"prodview-info-about\">\n<div class=\"prodview-info-about\">\n<div class=\"prodview-info-about\">\n<div class=\"prodview-info-about\">\n<div class=\"prodview-info-about\">\n<h5 class=\"title\">Bros \u0161\u0137\u012bdrums pret odiem un \u0113rc\u0113m, 100ml<\/h5>\n<\/div>\n<\/div>\n<\/div>\n<\/div>\n<\/div>\n","protected":false},"excerpt":{"rendered":"<div class=\"item_meta\"><\/div>\n<div><\/div>\n","protected":false},"featured_media":72772,"template":"","meta":{"inline_featured_image":false},"product_cat":[1820],"product_tag":[],"class_list":{"0":"post-72771","1":"product","2":"type-product","3":"status-publish","4":"has-post-thumbnail","6":"product_cat-lidzekli-pret-kaitekliem-un-insektiem","8":"first","9":"instock","10":"taxable","11":"shipping-taxable","12":"purchasable","13":"product-type-simple","14":"add-to-wishlist-after_add_to_cart"},"_links":{"self":[{"href":"https:\/\/alkaline.lv\/en\/wp-json\/wp\/v2\/product\/72771"}],"collection":[{"href":"https:\/\/alkaline.lv\/en\/wp-json\/wp\/v2\/product"}],"about":[{"href":"https:\/\/alkaline.lv\/en\/wp-json\/wp\/v2\/types\/product"}],"wp:featuredmedia":[{"embeddable":true,"href":"https:\/\/alkaline.lv\/en\/wp-json\/wp\/v2\/media\/72772"}],"wp:attachment":[{"href":"https:\/\/alkaline.lv\/en\/wp-json\/wp\/v2\/media?parent=72771"}],"wp:term":[{"taxonomy":"product_cat","embeddable":true,"href":"https:\/\/alkaline.lv\/en\/wp-json\/wp\/v2\/product_cat?post=72771"},{"taxonomy":"product_tag","embeddable":true,"href":"https:\/\/alkaline.lv\/en\/wp-json\/wp\/v2\/product_tag?post=72771"}],"curies":[{"name":"wp","href":"https:\/\/api.w.org\/{rel}","templated":true}]}}