{"id":72776,"date":"2025-01-22T14:32:05","date_gmt":"2025-01-22T12:32:05","guid":{"rendered":"https:\/\/alkaline.lv\/?post_type=product&#038;p=72776"},"modified":"2025-06-30T21:45:50","modified_gmt":"2025-06-30T18:45:50","slug":"bros-aerosols-pret-kodem-150ml","status":"publish","type":"product","link":"https:\/\/alkaline.lv\/en\/products\/bros-aerosols-pret-kodem-150ml\/","title":{"rendered":"Bros aerosols ko\u017eu, to k\u016bni\u0146u, blusu, blak\u0161u un skudru izn\u012bcin\u0101\u0161anai telp\u0101, 150ml"},"content":{"rendered":"<div class=\"prodview-info-about\">\n<div class=\"prodview-info-about\">\n<div class=\"prodview-info-about\">\n<div class=\"prodview-info-about\">\n<div class=\"prodview-info-about\">\n<h5 class=\"title\">Bros aerosols pret kod\u0113m ko\u017eu, to k\u016bni\u0146u, blusu, blak\u0161u un skudru izn\u012bcin\u0101\u0161anai telp\u0101s 150ml<\/h5>\n<\/div>\n<\/div>\n<\/div>\n<\/div>\n<\/div>\n","protected":false},"excerpt":{"rendered":"<div class=\"item_meta\"><\/div>\n<div><\/div>\n","protected":false},"featured_media":72777,"template":"","meta":{"inline_featured_image":false},"product_cat":[1820],"product_tag":[],"class_list":{"0":"post-72776","1":"product","2":"type-product","3":"status-publish","4":"has-post-thumbnail","6":"product_cat-lidzekli-pret-kaitekliem-un-insektiem","8":"first","9":"instock","10":"taxable","11":"shipping-taxable","12":"purchasable","13":"product-type-simple","14":"add-to-wishlist-after_add_to_cart"},"_links":{"self":[{"href":"https:\/\/alkaline.lv\/en\/wp-json\/wp\/v2\/product\/72776"}],"collection":[{"href":"https:\/\/alkaline.lv\/en\/wp-json\/wp\/v2\/product"}],"about":[{"href":"https:\/\/alkaline.lv\/en\/wp-json\/wp\/v2\/types\/product"}],"wp:featuredmedia":[{"embeddable":true,"href":"https:\/\/alkaline.lv\/en\/wp-json\/wp\/v2\/media\/72777"}],"wp:attachment":[{"href":"https:\/\/alkaline.lv\/en\/wp-json\/wp\/v2\/media?parent=72776"}],"wp:term":[{"taxonomy":"product_cat","embeddable":true,"href":"https:\/\/alkaline.lv\/en\/wp-json\/wp\/v2\/product_cat?post=72776"},{"taxonomy":"product_tag","embeddable":true,"href":"https:\/\/alkaline.lv\/en\/wp-json\/wp\/v2\/product_tag?post=72776"}],"curies":[{"name":"wp","href":"https:\/\/api.w.org\/{rel}","templated":true}]}}