{"id":72809,"date":"2025-01-28T10:17:51","date_gmt":"2025-01-28T08:17:51","guid":{"rendered":"https:\/\/alkaline.lv\/?post_type=product&#038;p=72809"},"modified":"2025-01-28T10:18:48","modified_gmt":"2025-01-28T08:18:48","slug":"pagarinatajs-3-vietigs-3-m-ar-zemejumu-un-sledzi-melns","status":"publish","type":"product","link":"https:\/\/alkaline.lv\/en\/products\/pagarinatajs-3-vietigs-3-m-ar-zemejumu-un-sledzi-melns\/","title":{"rendered":"Pagarin\u0101t\u0101js 3-viet\u012bgs 3.m ar zem\u0113jumu un sl\u0113dzi, melns"},"content":{"rendered":"<p>Pagarin\u0101t\u0101js 3-viet\u012bgs 3.m ar zem\u0113jumu un sl\u0113dzi, melns<\/p>\n","protected":false},"excerpt":{"rendered":"<div class=\"item_meta\"><\/div>\n<div><\/div>\n","protected":false},"featured_media":72802,"template":"","meta":{"inline_featured_image":false},"product_cat":[157],"product_tag":[],"class_list":{"0":"post-72809","1":"product","2":"type-product","3":"status-publish","4":"has-post-thumbnail","6":"product_cat-pagarinataji","8":"first","9":"instock","10":"taxable","11":"shipping-taxable","12":"purchasable","13":"product-type-simple","14":"add-to-wishlist-after_add_to_cart"},"_links":{"self":[{"href":"https:\/\/alkaline.lv\/en\/wp-json\/wp\/v2\/product\/72809"}],"collection":[{"href":"https:\/\/alkaline.lv\/en\/wp-json\/wp\/v2\/product"}],"about":[{"href":"https:\/\/alkaline.lv\/en\/wp-json\/wp\/v2\/types\/product"}],"wp:featuredmedia":[{"embeddable":true,"href":"https:\/\/alkaline.lv\/en\/wp-json\/wp\/v2\/media\/72802"}],"wp:attachment":[{"href":"https:\/\/alkaline.lv\/en\/wp-json\/wp\/v2\/media?parent=72809"}],"wp:term":[{"taxonomy":"product_cat","embeddable":true,"href":"https:\/\/alkaline.lv\/en\/wp-json\/wp\/v2\/product_cat?post=72809"},{"taxonomy":"product_tag","embeddable":true,"href":"https:\/\/alkaline.lv\/en\/wp-json\/wp\/v2\/product_tag?post=72809"}],"curies":[{"name":"wp","href":"https:\/\/api.w.org\/{rel}","templated":true}]}}