{"id":72822,"date":"2025-01-28T22:31:22","date_gmt":"2025-01-28T20:31:22","guid":{"rendered":"https:\/\/alkaline.lv\/?post_type=product&#038;p=72822"},"modified":"2025-12-03T22:23:12","modified_gmt":"2025-12-03T20:23:12","slug":"ekopack-premium-tualetes-papirs-rullos-30m-3-slani-30-rulli-iep-balts","status":"publish","type":"product","link":"https:\/\/alkaline.lv\/en\/products\/ekopack-premium-tualetes-papirs-rullos-30m-3-slani-30-rulli-iep-balts\/","title":{"rendered":"EkoPack Premium tualetes pap\u012brs ru\u013c\u013cos 30m, 3 sl\u0101\u0146i, 30 ru\u013c\u013ci\/iep., balts"},"content":{"rendered":"<ul>\n<li>Materi\u0101ls: Celuloze ar iespiedumu (balts)<\/li>\n<li>Sl\u0101\u0146u skaits: 3<\/li>\n<li>Ru\u013c\u013ca platums: 95mm<\/li>\n<li>Ru\u013c\u013ca diametrs: 120mm<\/li>\n<li>Perfor\u0101cija: 120mm<\/li>\n<li>Garums: 30m<\/li>\n<li>Iepakojum\u0101: 30gb<\/li>\n<\/ul>\n","protected":false},"excerpt":{"rendered":"<p>Materi\u0101ls: Celuloze ar iespiedumu (balts) Sl\u0101\u0146u skaits: 3 Ru\u013c\u013ca platums: 95mm Ru\u013c\u013ca diametrs: 120mm Perfor\u0101cija: 120mm Garums: 30m Iepakojum\u0101: 30gb<\/p>\n","protected":false},"featured_media":73264,"template":"","meta":{"inline_featured_image":false},"product_cat":[1823],"product_tag":[],"class_list":{"0":"post-72822","1":"product","2":"type-product","3":"status-publish","4":"has-post-thumbnail","6":"product_cat-spec-pasutijums","8":"first","9":"instock","10":"taxable","11":"shipping-taxable","12":"purchasable","13":"product-type-simple","14":"add-to-wishlist-after_add_to_cart"},"_links":{"self":[{"href":"https:\/\/alkaline.lv\/en\/wp-json\/wp\/v2\/product\/72822"}],"collection":[{"href":"https:\/\/alkaline.lv\/en\/wp-json\/wp\/v2\/product"}],"about":[{"href":"https:\/\/alkaline.lv\/en\/wp-json\/wp\/v2\/types\/product"}],"wp:featuredmedia":[{"embeddable":true,"href":"https:\/\/alkaline.lv\/en\/wp-json\/wp\/v2\/media\/73264"}],"wp:attachment":[{"href":"https:\/\/alkaline.lv\/en\/wp-json\/wp\/v2\/media?parent=72822"}],"wp:term":[{"taxonomy":"product_cat","embeddable":true,"href":"https:\/\/alkaline.lv\/en\/wp-json\/wp\/v2\/product_cat?post=72822"},{"taxonomy":"product_tag","embeddable":true,"href":"https:\/\/alkaline.lv\/en\/wp-json\/wp\/v2\/product_tag?post=72822"}],"curies":[{"name":"wp","href":"https:\/\/api.w.org\/{rel}","templated":true}]}}