{"id":72845,"date":"2025-01-29T00:04:21","date_gmt":"2025-01-28T22:04:21","guid":{"rendered":"https:\/\/alkaline.lv\/?post_type=product&#038;p=72845"},"modified":"2025-12-03T22:27:30","modified_gmt":"2025-12-03T20:27:30","slug":"ekopack-premium-roku-salvetes-z-veida-15pc-iep-2-kartas-baltas","status":"publish","type":"product","link":"https:\/\/alkaline.lv\/en\/products\/ekopack-premium-roku-salvetes-z-veida-15pc-iep-2-kartas-baltas\/","title":{"rendered":"EkoPack Premium roku salvetes Z-veida, 15pc.,\/iep., 2 k\u0101rtas, baltas"},"content":{"rendered":"<ul>\n<li>Materi\u0101ls: Jaun\u0161\u0137iedra ar iespiedumu (baltas)<\/li>\n<li>Sl\u0101\u0146u skaits: 2<\/li>\n<li>Salve\u0161u skaits paci\u0146\u0101: 250gb<\/li>\n<li>Loc\u012bjuma veids: Z<\/li>\n<li>Salvetes izm\u0113rs saloc\u012bt\u0101 veid\u0101: 210mm x 80 mm (platums x garums)<\/li>\n<li>Salvetes izm\u0113rs atv\u0113rt\u0101 veid\u0101: 210mm x 235 mm (platums x garums)<\/li>\n<li>Paci\u0146u skaits mais\u0101: 15gb<\/li>\n<\/ul>\n","protected":false},"excerpt":{"rendered":"<p>Materi\u0101ls: Jaun\u0161\u0137iedra ar iespiedumu (baltas) Sl\u0101\u0146u skaits: 2 Salve\u0161u skaits paci\u0146\u0101: 250gb Loc\u012bjuma veids: Z Salvetes izm\u0113rs saloc\u012bt\u0101 veid\u0101: 210mm x 80 mm (platums x garums) Salvetes izm\u0113rs atv\u0113rt\u0101 veid\u0101: 210mm x 235 mm (platums x garums) Paci\u0146u skaits mais\u0101: 15gb<\/p>\n","protected":false},"featured_media":72840,"template":"","meta":{"inline_featured_image":false},"product_cat":[1823],"product_tag":[],"class_list":{"0":"post-72845","1":"product","2":"type-product","3":"status-publish","4":"has-post-thumbnail","6":"product_cat-spec-pasutijums","8":"first","9":"instock","10":"taxable","11":"shipping-taxable","12":"purchasable","13":"product-type-simple","14":"add-to-wishlist-after_add_to_cart"},"_links":{"self":[{"href":"https:\/\/alkaline.lv\/en\/wp-json\/wp\/v2\/product\/72845","targetHints":{"allow":["GET"]}}],"collection":[{"href":"https:\/\/alkaline.lv\/en\/wp-json\/wp\/v2\/product"}],"about":[{"href":"https:\/\/alkaline.lv\/en\/wp-json\/wp\/v2\/types\/product"}],"wp:featuredmedia":[{"embeddable":true,"href":"https:\/\/alkaline.lv\/en\/wp-json\/wp\/v2\/media\/72840"}],"wp:attachment":[{"href":"https:\/\/alkaline.lv\/en\/wp-json\/wp\/v2\/media?parent=72845"}],"wp:term":[{"taxonomy":"product_cat","embeddable":true,"href":"https:\/\/alkaline.lv\/en\/wp-json\/wp\/v2\/product_cat?post=72845"},{"taxonomy":"product_tag","embeddable":true,"href":"https:\/\/alkaline.lv\/en\/wp-json\/wp\/v2\/product_tag?post=72845"}],"curies":[{"name":"wp","href":"https:\/\/api.w.org\/{rel}","templated":true}]}}