{"id":72850,"date":"2025-01-29T09:40:54","date_gmt":"2025-01-29T07:40:54","guid":{"rendered":"https:\/\/alkaline.lv\/?post_type=product&#038;p=72850"},"modified":"2025-12-03T22:49:30","modified_gmt":"2025-12-03T20:49:30","slug":"ekopack-premium-industrialais-papirs-330m-1-slanis-2-rulli-iep-zils","status":"publish","type":"product","link":"https:\/\/alkaline.lv\/en\/products\/ekopack-premium-industrialais-papirs-330m-1-slanis-2-rulli-iep-zils\/","title":{"rendered":"EkoPack Basic Industri\u0101lais pap\u012brs 330m, 1 sl\u0101nis, 2 ru\u013c\u013ci\/iep., zils"},"content":{"rendered":"<ul>\n<li>Materi\u0101ls: P\u0101rstr\u0101d\u0101ta \u0161\u0137iedra (zils)<\/li>\n<li>Sl\u0101\u0146u skaits: 1<\/li>\n<li>Ru\u013c\u013ca platums: 220mm<\/li>\n<li>Ru\u013c\u013ca diametrs: 220mm<\/li>\n<li>Perfor\u0101cija: 240mm<\/li>\n<li>Garums: 330m<\/li>\n<li>Iepakojum\u0101: 2gb<\/li>\n<\/ul>\n","protected":false},"excerpt":{"rendered":"<p>Materi\u0101ls: P\u0101rstr\u0101d\u0101ta \u0161\u0137iedra (zils) Sl\u0101\u0146u skaits: 1 Ru\u013c\u013ca platums: 220mm Ru\u013c\u013ca diametrs: 220mm Perfor\u0101cija: 240mm Garums: 330m Iepakojum\u0101: 2gb<\/p>\n","protected":false},"featured_media":72847,"template":"","meta":{"inline_featured_image":false},"product_cat":[1823],"product_tag":[],"class_list":{"0":"post-72850","1":"product","2":"type-product","3":"status-publish","4":"has-post-thumbnail","6":"product_cat-spec-pasutijums","8":"first","9":"instock","10":"taxable","11":"shipping-taxable","12":"purchasable","13":"product-type-simple","14":"add-to-wishlist-after_add_to_cart"},"_links":{"self":[{"href":"https:\/\/alkaline.lv\/en\/wp-json\/wp\/v2\/product\/72850","targetHints":{"allow":["GET"]}}],"collection":[{"href":"https:\/\/alkaline.lv\/en\/wp-json\/wp\/v2\/product"}],"about":[{"href":"https:\/\/alkaline.lv\/en\/wp-json\/wp\/v2\/types\/product"}],"wp:featuredmedia":[{"embeddable":true,"href":"https:\/\/alkaline.lv\/en\/wp-json\/wp\/v2\/media\/72847"}],"wp:attachment":[{"href":"https:\/\/alkaline.lv\/en\/wp-json\/wp\/v2\/media?parent=72850"}],"wp:term":[{"taxonomy":"product_cat","embeddable":true,"href":"https:\/\/alkaline.lv\/en\/wp-json\/wp\/v2\/product_cat?post=72850"},{"taxonomy":"product_tag","embeddable":true,"href":"https:\/\/alkaline.lv\/en\/wp-json\/wp\/v2\/product_tag?post=72850"}],"curies":[{"name":"wp","href":"https:\/\/api.w.org\/{rel}","templated":true}]}}