{"id":72858,"date":"2025-01-29T10:05:35","date_gmt":"2025-01-29T08:05:35","guid":{"rendered":"https:\/\/alkaline.lv\/?post_type=product&#038;p=72858"},"modified":"2025-12-03T21:15:04","modified_gmt":"2025-12-03T19:15:04","slug":"ekopack-basic-industrialais-papirs-380m-2-slani-1-rullis-iep-zils","status":"publish","type":"product","link":"https:\/\/alkaline.lv\/en\/products\/ekopack-basic-industrialais-papirs-380m-2-slani-1-rullis-iep-zils\/","title":{"rendered":"EkoPack Basic Industri\u0101lais pap\u012brs 380m, 2 sl\u0101\u0146i, 1 rullis\/iep., zils"},"content":{"rendered":"<ul>\n<li>Materi\u0101ls: P\u0101rstr\u0101d\u0101ta \u0161\u0137iedra (zils)<\/li>\n<li>Sl\u0101\u0146u skaits: 2<\/li>\n<li>Ru\u013c\u013ca platums: 375mm<\/li>\n<li>Ru\u013c\u013ca diametrs: 260mm<\/li>\n<li>Perfor\u0101cija: 370mm<\/li>\n<li>Garums: 380m<\/li>\n<li>Lok\u0161\u0146u skaits: 1028gb<\/li>\n<li>Iepakojum\u0101: 1gb<\/li>\n<\/ul>\n","protected":false},"excerpt":{"rendered":"<p>Materi\u0101ls: P\u0101rstr\u0101d\u0101ta \u0161\u0137iedra (zils) Sl\u0101\u0146u skaits: 2 Ru\u013c\u013ca platums: 375mm Ru\u013c\u013ca diametrs: 260mm Perfor\u0101cija: 370mm Garums: 380m Lok\u0161\u0146u skaits: 1028gb Iepakojum\u0101: 1gb<\/p>\n","protected":false},"featured_media":72859,"template":"","meta":{"inline_featured_image":false},"product_cat":[1823],"product_tag":[],"class_list":{"0":"post-72858","1":"product","2":"type-product","3":"status-publish","4":"has-post-thumbnail","6":"product_cat-spec-pasutijums","8":"first","9":"instock","10":"taxable","11":"shipping-taxable","12":"purchasable","13":"product-type-simple","14":"add-to-wishlist-after_add_to_cart"},"_links":{"self":[{"href":"https:\/\/alkaline.lv\/en\/wp-json\/wp\/v2\/product\/72858"}],"collection":[{"href":"https:\/\/alkaline.lv\/en\/wp-json\/wp\/v2\/product"}],"about":[{"href":"https:\/\/alkaline.lv\/en\/wp-json\/wp\/v2\/types\/product"}],"wp:featuredmedia":[{"embeddable":true,"href":"https:\/\/alkaline.lv\/en\/wp-json\/wp\/v2\/media\/72859"}],"wp:attachment":[{"href":"https:\/\/alkaline.lv\/en\/wp-json\/wp\/v2\/media?parent=72858"}],"wp:term":[{"taxonomy":"product_cat","embeddable":true,"href":"https:\/\/alkaline.lv\/en\/wp-json\/wp\/v2\/product_cat?post=72858"},{"taxonomy":"product_tag","embeddable":true,"href":"https:\/\/alkaline.lv\/en\/wp-json\/wp\/v2\/product_tag?post=72858"}],"curies":[{"name":"wp","href":"https:\/\/api.w.org\/{rel}","templated":true}]}}