{"id":72885,"date":"2025-01-29T11:46:05","date_gmt":"2025-01-29T09:46:05","guid":{"rendered":"https:\/\/alkaline.lv\/?post_type=product&#038;p=72885"},"modified":"2025-12-03T22:39:46","modified_gmt":"2025-12-03T20:39:46","slug":"ekopack-premium-roku-dvieli-rullos-150m-2-slani-6-rulli-iep-balts","status":"publish","type":"product","link":"https:\/\/alkaline.lv\/en\/products\/ekopack-premium-roku-dvieli-rullos-150m-2-slani-6-rulli-iep-balts\/","title":{"rendered":"EkoPack Premium roku dvie\u013ci ru\u013c\u013cos 150m, 2 sl\u0101\u0146i, 6 ru\u013c\u013ci\/iep., balts"},"content":{"rendered":"<ul>\n<li>Materi\u0101ls: Celuloze ar iespiedumu (balts)<\/li>\n<li>Sl\u0101\u0146u skaits: 2<\/li>\n<li>Ru\u013c\u013ca platums: 188mm<\/li>\n<li>Ru\u013c\u013ca diametrs: 195mm<\/li>\n<li>Perfor\u0101cija: 240mm<\/li>\n<li>Garums: 150m<\/li>\n<li>Iepakojum\u0101: 6gb<\/li>\n<li>Bez serdes<\/li>\n<\/ul>\n","protected":false},"excerpt":{"rendered":"<p>Materi\u0101ls: Celuloze ar iespiedumu (balts) Sl\u0101\u0146u skaits: 2 Ru\u013c\u013ca platums: 188mm Ru\u013c\u013ca diametrs: 195mm Perfor\u0101cija: 240mm Garums: 150m Iepakojum\u0101: 6gb Bez serdes<\/p>\n","protected":false},"featured_media":72870,"template":"","meta":{"inline_featured_image":false},"product_cat":[1823],"product_tag":[],"class_list":{"0":"post-72885","1":"product","2":"type-product","3":"status-publish","4":"has-post-thumbnail","6":"product_cat-spec-pasutijums","8":"first","9":"instock","10":"taxable","11":"shipping-taxable","12":"purchasable","13":"product-type-simple","14":"add-to-wishlist-after_add_to_cart"},"_links":{"self":[{"href":"https:\/\/alkaline.lv\/en\/wp-json\/wp\/v2\/product\/72885"}],"collection":[{"href":"https:\/\/alkaline.lv\/en\/wp-json\/wp\/v2\/product"}],"about":[{"href":"https:\/\/alkaline.lv\/en\/wp-json\/wp\/v2\/types\/product"}],"wp:featuredmedia":[{"embeddable":true,"href":"https:\/\/alkaline.lv\/en\/wp-json\/wp\/v2\/media\/72870"}],"wp:attachment":[{"href":"https:\/\/alkaline.lv\/en\/wp-json\/wp\/v2\/media?parent=72885"}],"wp:term":[{"taxonomy":"product_cat","embeddable":true,"href":"https:\/\/alkaline.lv\/en\/wp-json\/wp\/v2\/product_cat?post=72885"},{"taxonomy":"product_tag","embeddable":true,"href":"https:\/\/alkaline.lv\/en\/wp-json\/wp\/v2\/product_tag?post=72885"}],"curies":[{"name":"wp","href":"https:\/\/api.w.org\/{rel}","templated":true}]}}