{"id":72896,"date":"2025-01-29T12:04:29","date_gmt":"2025-01-29T10:04:29","guid":{"rendered":"https:\/\/alkaline.lv\/?post_type=product&#038;p=72896"},"modified":"2025-12-03T22:42:00","modified_gmt":"2025-12-03T20:42:00","slug":"ekopack-premium-roku-dvieli-rullos-25m-3-slani-20-rulli-iep-balts","status":"publish","type":"product","link":"https:\/\/alkaline.lv\/en\/products\/ekopack-premium-roku-dvieli-rullos-25m-3-slani-20-rulli-iep-balts\/","title":{"rendered":"EkoPack Premium roku dvie\u013ci ru\u013c\u013cos 25m, 3 sl\u0101\u0146i, 20 ru\u013c\u013ci\/iep., balts"},"content":{"rendered":"<ul>\n<li>Matere\u0101ls: Celuloze ar iespiedumu (balts)<\/li>\n<li>Sl\u0101\u0146u skaits:\u00a03<\/li>\n<li>Ru\u013c\u013ca platums: 190mm<\/li>\n<li>Ru\u013c\u013ca diametrs: 120mm<\/li>\n<li>Perfor\u0101cija: 240mm<\/li>\n<li>Garums: 25m<\/li>\n<li>Iepakojum\u0101: 20gb<\/li>\n<\/ul>\n","protected":false},"excerpt":{"rendered":"<p>Matere\u0101ls: Celuloze ar iespiedumu (balts) Sl\u0101\u0146u skaits:\u00a03 Ru\u013c\u013ca platums: 190mm Ru\u013c\u013ca diametrs: 120mm Perfor\u0101cija: 240mm Garums: 25m Iepakojum\u0101: 20gb<\/p>\n","protected":false},"featured_media":72890,"template":"","meta":{"inline_featured_image":false},"product_cat":[1823],"product_tag":[],"class_list":{"0":"post-72896","1":"product","2":"type-product","3":"status-publish","4":"has-post-thumbnail","6":"product_cat-spec-pasutijums","8":"first","9":"instock","10":"taxable","11":"shipping-taxable","12":"purchasable","13":"product-type-simple","14":"add-to-wishlist-after_add_to_cart"},"_links":{"self":[{"href":"https:\/\/alkaline.lv\/en\/wp-json\/wp\/v2\/product\/72896"}],"collection":[{"href":"https:\/\/alkaline.lv\/en\/wp-json\/wp\/v2\/product"}],"about":[{"href":"https:\/\/alkaline.lv\/en\/wp-json\/wp\/v2\/types\/product"}],"wp:featuredmedia":[{"embeddable":true,"href":"https:\/\/alkaline.lv\/en\/wp-json\/wp\/v2\/media\/72890"}],"wp:attachment":[{"href":"https:\/\/alkaline.lv\/en\/wp-json\/wp\/v2\/media?parent=72896"}],"wp:term":[{"taxonomy":"product_cat","embeddable":true,"href":"https:\/\/alkaline.lv\/en\/wp-json\/wp\/v2\/product_cat?post=72896"},{"taxonomy":"product_tag","embeddable":true,"href":"https:\/\/alkaline.lv\/en\/wp-json\/wp\/v2\/product_tag?post=72896"}],"curies":[{"name":"wp","href":"https:\/\/api.w.org\/{rel}","templated":true}]}}