{"id":72901,"date":"2025-01-29T12:53:18","date_gmt":"2025-01-29T10:53:18","guid":{"rendered":"https:\/\/alkaline.lv\/?post_type=product&#038;p=72901"},"modified":"2025-12-03T22:20:54","modified_gmt":"2025-12-03T20:20:54","slug":"ekopack-premium-tualetes-papirs-rullos-23m-2-slani-24-rulli-iep-balts","status":"publish","type":"product","link":"https:\/\/alkaline.lv\/en\/products\/ekopack-premium-tualetes-papirs-rullos-23m-2-slani-24-rulli-iep-balts\/","title":{"rendered":"EkoPack Premium tualetes pap\u012brs ru\u013c\u013cos 23m, 2 sl\u0101\u0146i, 24 ru\u013c\u013ci\/iep., balts"},"content":{"rendered":"<ul>\n<li>Materi\u0101ls: Celuloze ar iespiedumu (balts)<\/li>\n<li>Sl\u0101\u0146u skaits:\u00a02<\/li>\n<li>Ru\u013c\u013ca platums: 90mm<\/li>\n<li>Ru\u013c\u013ca diametrs: 105mm<\/li>\n<li>Perfor\u0101cija: 120mm<\/li>\n<li>Garums: 23m<\/li>\n<li>Iepakojum\u0101: 24gb<\/li>\n<\/ul>\n","protected":false},"excerpt":{"rendered":"<p>Materi\u0101ls: Celuloze ar iespiedumu (balts) Sl\u0101\u0146u skaits:\u00a02 Ru\u013c\u013ca platums: 90mm Ru\u013c\u013ca diametrs: 105mm Perfor\u0101cija: 120mm Garums: 23m Iepakojum\u0101: 24gb<\/p>\n","protected":false},"featured_media":73262,"template":"","meta":{"inline_featured_image":false},"product_cat":[1823],"product_tag":[],"class_list":{"0":"post-72901","1":"product","2":"type-product","3":"status-publish","4":"has-post-thumbnail","6":"product_cat-spec-pasutijums","8":"first","9":"instock","10":"taxable","11":"shipping-taxable","12":"purchasable","13":"product-type-simple","14":"add-to-wishlist-after_add_to_cart"},"_links":{"self":[{"href":"https:\/\/alkaline.lv\/en\/wp-json\/wp\/v2\/product\/72901"}],"collection":[{"href":"https:\/\/alkaline.lv\/en\/wp-json\/wp\/v2\/product"}],"about":[{"href":"https:\/\/alkaline.lv\/en\/wp-json\/wp\/v2\/types\/product"}],"wp:featuredmedia":[{"embeddable":true,"href":"https:\/\/alkaline.lv\/en\/wp-json\/wp\/v2\/media\/73262"}],"wp:attachment":[{"href":"https:\/\/alkaline.lv\/en\/wp-json\/wp\/v2\/media?parent=72901"}],"wp:term":[{"taxonomy":"product_cat","embeddable":true,"href":"https:\/\/alkaline.lv\/en\/wp-json\/wp\/v2\/product_cat?post=72901"},{"taxonomy":"product_tag","embeddable":true,"href":"https:\/\/alkaline.lv\/en\/wp-json\/wp\/v2\/product_tag?post=72901"}],"curies":[{"name":"wp","href":"https:\/\/api.w.org\/{rel}","templated":true}]}}