{"id":72907,"date":"2025-01-29T13:06:52","date_gmt":"2025-01-29T11:06:52","guid":{"rendered":"https:\/\/alkaline.lv\/?post_type=product&#038;p=72907"},"modified":"2025-12-03T22:17:08","modified_gmt":"2025-12-03T20:17:08","slug":"ekopack-premium-tualetes-papirs-rullos-140m-2-slani-12-rulli-iep-balts","status":"publish","type":"product","link":"https:\/\/alkaline.lv\/en\/products\/ekopack-premium-tualetes-papirs-rullos-140m-2-slani-12-rulli-iep-balts\/","title":{"rendered":"EkoPack Premium tualetes pap\u012brs ru\u013c\u013cos 140m, 2 sl\u0101\u0146i, 12 ru\u013c\u013ci\/iep., balts"},"content":{"rendered":"<ul>\n<li>Materi\u0101ls: Celuloze ar iespiedumu (balts)<\/li>\n<li>Sl\u0101\u0146u skaits: 2<\/li>\n<li>Ru\u013c\u013ca platums: 90mm<\/li>\n<li>Ru\u013c\u013ca diametrs: 180mm<\/li>\n<li>Perfor\u0101cija: 240mm<\/li>\n<li>Ru\u013c\u013ca garums: 140m<\/li>\n<li>Iepakojum\u0101: 12gb<\/li>\n<\/ul>\n","protected":false},"excerpt":{"rendered":"<p>Materi\u0101ls: Celuloze ar iespiedumu (balts) Sl\u0101\u0146u skaits: 2 Ru\u013c\u013ca platums: 90mm Ru\u013c\u013ca diametrs: 180mm Perfor\u0101cija: 240mm Ru\u013c\u013ca garums: 140m Iepakojum\u0101: 12gb<\/p>\n","protected":false},"featured_media":72825,"template":"","meta":{"inline_featured_image":false},"product_cat":[1823],"product_tag":[],"class_list":{"0":"post-72907","1":"product","2":"type-product","3":"status-publish","4":"has-post-thumbnail","6":"product_cat-spec-pasutijums","8":"first","9":"instock","10":"taxable","11":"shipping-taxable","12":"purchasable","13":"product-type-simple","14":"add-to-wishlist-after_add_to_cart"},"_links":{"self":[{"href":"https:\/\/alkaline.lv\/en\/wp-json\/wp\/v2\/product\/72907"}],"collection":[{"href":"https:\/\/alkaline.lv\/en\/wp-json\/wp\/v2\/product"}],"about":[{"href":"https:\/\/alkaline.lv\/en\/wp-json\/wp\/v2\/types\/product"}],"wp:featuredmedia":[{"embeddable":true,"href":"https:\/\/alkaline.lv\/en\/wp-json\/wp\/v2\/media\/72825"}],"wp:attachment":[{"href":"https:\/\/alkaline.lv\/en\/wp-json\/wp\/v2\/media?parent=72907"}],"wp:term":[{"taxonomy":"product_cat","embeddable":true,"href":"https:\/\/alkaline.lv\/en\/wp-json\/wp\/v2\/product_cat?post=72907"},{"taxonomy":"product_tag","embeddable":true,"href":"https:\/\/alkaline.lv\/en\/wp-json\/wp\/v2\/product_tag?post=72907"}],"curies":[{"name":"wp","href":"https:\/\/api.w.org\/{rel}","templated":true}]}}