{"id":72926,"date":"2025-01-29T22:53:19","date_gmt":"2025-01-29T20:53:19","guid":{"rendered":"https:\/\/alkaline.lv\/?post_type=product&#038;p=72926"},"modified":"2025-01-29T22:55:21","modified_gmt":"2025-01-29T20:55:21","slug":"kosmetiskas-salvetes-merkant-kastite-celuloze-2-kart-21x20cm-100gab","status":"publish","type":"product","link":"https:\/\/alkaline.lv\/en\/products\/kosmetiskas-salvetes-merkant-kastite-celuloze-2-kart-21x20cm-100gab\/","title":{"rendered":"Kosm\u0113tisk\u0101s salvetes MERKANT kast\u012bt\u0113, celuloze 2-k\u0101rt, 21x20cm, 100gab."},"content":{"rendered":"<p>Cena nor\u0101d\u012bta par kast\u012bti (100 salvetes).<\/p>\n<ul>\n<li>2 sl\u0101\u0146i<\/li>\n<li>100% celuloze<\/li>\n<li>Loksnes izm\u0113rs: 210 x 200 mm<\/li>\n<li>100 loksnes kast\u0113<\/li>\n<li>36 kastes iepakojum\u0101<\/li>\n<li>32 iepakojumi palet\u0113<\/li>\n<li>Iepakots praktisk\u0101 kast\u0113, kas izdala pa vienai salvetei, kas ir higi\u0113niska un samazina lieto\u0161anas daudzumu<\/li>\n<li>Lieliski piem\u0113rots viesn\u012bc\u0101s un restor\u0101nos vai biroja vid\u0113<\/li>\n<\/ul>\n<p>&nbsp;<\/p>\n<p>&nbsp;<\/p>\n","protected":false},"excerpt":{"rendered":"<div class=\"item_meta\"><\/div>\n<div><\/div>\n","protected":false},"featured_media":72927,"template":"","meta":{"inline_featured_image":false},"product_cat":[94],"product_tag":[],"class_list":{"0":"post-72926","1":"product","2":"type-product","3":"status-publish","4":"has-post-thumbnail","6":"product_cat-kosmetiskas-salvetes","8":"first","9":"instock","10":"taxable","11":"shipping-taxable","12":"purchasable","13":"product-type-simple","14":"add-to-wishlist-after_add_to_cart"},"_links":{"self":[{"href":"https:\/\/alkaline.lv\/en\/wp-json\/wp\/v2\/product\/72926"}],"collection":[{"href":"https:\/\/alkaline.lv\/en\/wp-json\/wp\/v2\/product"}],"about":[{"href":"https:\/\/alkaline.lv\/en\/wp-json\/wp\/v2\/types\/product"}],"wp:featuredmedia":[{"embeddable":true,"href":"https:\/\/alkaline.lv\/en\/wp-json\/wp\/v2\/media\/72927"}],"wp:attachment":[{"href":"https:\/\/alkaline.lv\/en\/wp-json\/wp\/v2\/media?parent=72926"}],"wp:term":[{"taxonomy":"product_cat","embeddable":true,"href":"https:\/\/alkaline.lv\/en\/wp-json\/wp\/v2\/product_cat?post=72926"},{"taxonomy":"product_tag","embeddable":true,"href":"https:\/\/alkaline.lv\/en\/wp-json\/wp\/v2\/product_tag?post=72926"}],"curies":[{"name":"wp","href":"https:\/\/api.w.org\/{rel}","templated":true}]}}