{"id":72931,"date":"2025-02-05T14:44:22","date_gmt":"2025-02-05T12:44:22","guid":{"rendered":"https:\/\/alkaline.lv\/?post_type=product&#038;p=72931"},"modified":"2025-02-05T14:48:59","modified_gmt":"2025-02-05T12:48:59","slug":"roku-salvetes-estrela-amoss-v-fold-2sl-baltas-2125cm-160lok-pac-20pac-iep","status":"publish","type":"product","link":"https:\/\/alkaline.lv\/en\/products\/roku-salvetes-estrela-amoss-v-fold-2sl-baltas-2125cm-160lok-pac-20pac-iep\/","title":{"rendered":"Roku salvetes ESTRELA AMOSS V-FOLD 2sl baltas 21*25cm 160lok\/pac 20pac\/iep"},"content":{"rendered":"<ul>\n<li>2 sl\u0101\u0146i<\/li>\n<li>100% celuloze<\/li>\n<li>Loksnes izm\u0113rs nesaloc\u012bt\u0101 veid\u0101: 210 x 250 mm<\/li>\n<li>160 x loksnes paci\u0146\u0101<\/li>\n<li>20 paci\u0146as iepakojum\u0101<\/li>\n<\/ul>\n<h1 class=\"intec-header\"><\/h1>\n<p>&nbsp;<\/p>\n<p>&nbsp;<\/p>\n","protected":false},"excerpt":{"rendered":"<div class=\"item_meta\"><\/div>\n<div><\/div>\n","protected":false},"featured_media":72932,"template":"","meta":{"inline_featured_image":false},"product_cat":[134],"product_tag":[],"class_list":{"0":"post-72931","1":"product","2":"type-product","3":"status-publish","4":"has-post-thumbnail","6":"product_cat-platas-salvetes","8":"first","9":"instock","10":"taxable","11":"shipping-taxable","12":"purchasable","13":"product-type-simple","14":"add-to-wishlist-after_add_to_cart"},"_links":{"self":[{"href":"https:\/\/alkaline.lv\/en\/wp-json\/wp\/v2\/product\/72931"}],"collection":[{"href":"https:\/\/alkaline.lv\/en\/wp-json\/wp\/v2\/product"}],"about":[{"href":"https:\/\/alkaline.lv\/en\/wp-json\/wp\/v2\/types\/product"}],"wp:featuredmedia":[{"embeddable":true,"href":"https:\/\/alkaline.lv\/en\/wp-json\/wp\/v2\/media\/72932"}],"wp:attachment":[{"href":"https:\/\/alkaline.lv\/en\/wp-json\/wp\/v2\/media?parent=72931"}],"wp:term":[{"taxonomy":"product_cat","embeddable":true,"href":"https:\/\/alkaline.lv\/en\/wp-json\/wp\/v2\/product_cat?post=72931"},{"taxonomy":"product_tag","embeddable":true,"href":"https:\/\/alkaline.lv\/en\/wp-json\/wp\/v2\/product_tag?post=72931"}],"curies":[{"name":"wp","href":"https:\/\/api.w.org\/{rel}","templated":true}]}}