{"id":72958,"date":"2025-02-10T10:19:43","date_gmt":"2025-02-10T08:19:43","guid":{"rendered":"https:\/\/alkaline.lv\/?post_type=product&#038;p=72958"},"modified":"2025-02-10T10:19:43","modified_gmt":"2025-02-10T08:19:43","slug":"hig-paketes-bella-teens-relax-ultra-10gb","status":"publish","type":"product","link":"https:\/\/alkaline.lv\/en\/products\/hig-paketes-bella-teens-relax-ultra-10gb\/","title":{"rendered":"Hig.paketes Bella Teens Relax Ultra 10gb"},"content":{"rendered":"<p>\u012apa\u0161i pl\u0101nas, tikai 2 mm biezas paketes jaun\u0101m, akt\u012bv\u0101m sieviet\u0113m. P\u0101rkl\u0101tas ar maigu, kokvilnai l\u012bdz\u012bgu paketes p\u0101rkl\u0101jumu, kas lieliski pasarg\u0101 \u0101du no kairin\u0101juma ra\u0161an\u0101s. Bag\u0101tin\u0101tas ar za\u013c\u0101s t\u0113jas ekstraktu.<\/p>\n<p>Bella for Teens nesatur lateksu, nodro\u0161ina maigu komforta saj\u016btu un uzticamu aizsardz\u012bbu.<br \/>\nGalven\u0101s \u012bpa\u0161\u012bbas:<br \/>\n\u2013 Gaisu caurlaid\u012bgas;<br \/>\n\u2013 \u012apa\u0161i maigs, kokvilnai l\u012bdz\u012bgs p\u0101rkl\u0101jums;<br \/>\n\u2013 Teicama aizsardz\u012bba pret nopl\u016bd\u0113m, sast\u0101v\u0101 eso\u0161as mikrokapsulas lieliski absorb\u0113 \u0161\u0137idrumu;<br \/>\n\u2013 Anatomiskas formas, ar sp\u0101rni\u0146iem;<br \/>\n\u2013 Ar vieglu arom\u0101tu;<br \/>\n\u2013 Nesatur lateksu;<br \/>\n\u2013 Katra pakete iesai\u0146ota individu\u0101l\u0101 iepakojum\u0101.<br \/>\nRa\u017eot\u0101js: TZMO SA, Polija.<\/p>\n<p><img decoding=\"async\" class=\"alignnone  wp-image-72959\" src=\"https:\/\/alkaline.lv\/wp-content\/uploads\/2025\/02\/2mm-less.webp\" alt=\"\" width=\"50\" height=\"50\" srcset=\"https:\/\/alkaline.lv\/wp-content\/uploads\/2025\/02\/2mm-less.webp 269w, https:\/\/alkaline.lv\/wp-content\/uploads\/2025\/02\/2mm-less-150x150.webp 150w, https:\/\/alkaline.lv\/wp-content\/uploads\/2025\/02\/2mm-less-100x100.webp 100w, https:\/\/alkaline.lv\/wp-content\/uploads\/2025\/02\/2mm-less-50x50.webp 50w\" sizes=\"(max-width: 50px) 100vw, 50px\" \/> <img decoding=\"async\" class=\"alignnone  wp-image-72961\" src=\"https:\/\/alkaline.lv\/wp-content\/uploads\/2025\/02\/pakowanie-298x300.webp\" alt=\"\" width=\"50\" height=\"50\" srcset=\"https:\/\/alkaline.lv\/wp-content\/uploads\/2025\/02\/pakowanie-298x300.webp 298w, https:\/\/alkaline.lv\/wp-content\/uploads\/2025\/02\/pakowanie-150x150.webp 150w, https:\/\/alkaline.lv\/wp-content\/uploads\/2025\/02\/pakowanie-100x100.webp 100w, https:\/\/alkaline.lv\/wp-content\/uploads\/2025\/02\/pakowanie-50x50.webp 50w, https:\/\/alkaline.lv\/wp-content\/uploads\/2025\/02\/pakowanie.webp 376w\" sizes=\"(max-width: 50px) 100vw, 50px\" \/><img decoding=\"async\" class=\"alignnone  wp-image-72963\" src=\"https:\/\/alkaline.lv\/wp-content\/uploads\/2025\/02\/air-300x300.webp\" alt=\"\" width=\"50\" height=\"50\" srcset=\"https:\/\/alkaline.lv\/wp-content\/uploads\/2025\/02\/air-300x300.webp 300w, https:\/\/alkaline.lv\/wp-content\/uploads\/2025\/02\/air-150x150.webp 150w, https:\/\/alkaline.lv\/wp-content\/uploads\/2025\/02\/air-600x600.webp 600w, https:\/\/alkaline.lv\/wp-content\/uploads\/2025\/02\/air-100x100.webp 100w, https:\/\/alkaline.lv\/wp-content\/uploads\/2025\/02\/air-50x50.webp 50w, https:\/\/alkaline.lv\/wp-content\/uploads\/2025\/02\/air.webp 660w\" sizes=\"(max-width: 50px) 100vw, 50px\" \/> <img loading=\"lazy\" decoding=\"async\" class=\"alignnone  wp-image-72965\" src=\"https:\/\/alkaline.lv\/wp-content\/uploads\/2025\/02\/deo-fresh-teens-256x300.webp\" alt=\"\" width=\"49\" height=\"50\" srcset=\"https:\/\/alkaline.lv\/wp-content\/uploads\/2025\/02\/deo-fresh-teens-150x150.webp 150w, https:\/\/alkaline.lv\/wp-content\/uploads\/2025\/02\/deo-fresh-teens-100x100.webp 100w, https:\/\/alkaline.lv\/wp-content\/uploads\/2025\/02\/deo-fresh-teens-50x50.webp 50w\" sizes=\"(max-width: 49px) 100vw, 49px\" \/> <img loading=\"lazy\" decoding=\"async\" class=\"alignnone  wp-image-72967\" src=\"https:\/\/alkaline.lv\/wp-content\/uploads\/2025\/02\/dermatologically-tested-2.webp\" alt=\"\" width=\"50\" height=\"50\" srcset=\"https:\/\/alkaline.lv\/wp-content\/uploads\/2025\/02\/dermatologically-tested-2.webp 147w, https:\/\/alkaline.lv\/wp-content\/uploads\/2025\/02\/dermatologically-tested-2-100x100.webp 100w, https:\/\/alkaline.lv\/wp-content\/uploads\/2025\/02\/dermatologically-tested-2-50x50.webp 50w\" sizes=\"(max-width: 50px) 100vw, 50px\" \/><\/p>\n","protected":false},"excerpt":{"rendered":"<p>\u012apa\u0161i pl\u0101nas, tikai 2 mm biezas paketes jaun\u0101m, akt\u012bv\u0101m sieviet\u0113m. P\u0101rkl\u0101tas ar maigu, kokvilnai l\u012bdz\u012bgu paketes p\u0101rkl\u0101jumu, kas lieliski pasarg\u0101 \u0101du no kairin\u0101juma ra\u0161an\u0101s. Bag\u0101tin\u0101tas ar za\u013c\u0101s t\u0113jas ekstraktu. Bella for Teens nesatur lateksu, nodro\u0161ina maigu komforta saj\u016btu un uzticamu aizsardz\u012bbu. Galven\u0101s \u012bpa\u0161\u012bbas: \u2013 Gaisu caurlaid\u012bgas; \u2013 \u012apa\u0161i maigs, kokvilnai l\u012bdz\u012bgs p\u0101rkl\u0101jums; \u2013 Teicama aizsardz\u012bba [&hellip;]<\/p>\n","protected":false},"featured_media":72969,"template":"","meta":{"inline_featured_image":false},"product_cat":[1821],"product_tag":[],"class_list":{"0":"post-72958","1":"product","2":"type-product","3":"status-publish","4":"has-post-thumbnail","6":"product_cat-higienas-preces","8":"first","9":"instock","10":"taxable","11":"shipping-taxable","12":"purchasable","13":"product-type-simple","14":"add-to-wishlist-after_add_to_cart"},"_links":{"self":[{"href":"https:\/\/alkaline.lv\/en\/wp-json\/wp\/v2\/product\/72958"}],"collection":[{"href":"https:\/\/alkaline.lv\/en\/wp-json\/wp\/v2\/product"}],"about":[{"href":"https:\/\/alkaline.lv\/en\/wp-json\/wp\/v2\/types\/product"}],"wp:featuredmedia":[{"embeddable":true,"href":"https:\/\/alkaline.lv\/en\/wp-json\/wp\/v2\/media\/72969"}],"wp:attachment":[{"href":"https:\/\/alkaline.lv\/en\/wp-json\/wp\/v2\/media?parent=72958"}],"wp:term":[{"taxonomy":"product_cat","embeddable":true,"href":"https:\/\/alkaline.lv\/en\/wp-json\/wp\/v2\/product_cat?post=72958"},{"taxonomy":"product_tag","embeddable":true,"href":"https:\/\/alkaline.lv\/en\/wp-json\/wp\/v2\/product_tag?post=72958"}],"curies":[{"name":"wp","href":"https:\/\/api.w.org\/{rel}","templated":true}]}}