{"id":72977,"date":"2025-02-20T14:21:09","date_gmt":"2025-02-20T12:21:09","guid":{"rendered":"https:\/\/alkaline.lv\/?post_type=product&#038;p=72977"},"modified":"2026-02-23T13:37:51","modified_gmt":"2026-02-23T11:37:51","slug":"tualetes-papirs-smart-one-centerfeed-balts2-slani-180-m-perforets-6-rulli-iepak","status":"publish","type":"product","link":"https:\/\/alkaline.lv\/en\/products\/tualetes-papirs-smart-one-centerfeed-balts2-slani-180-m-perforets-6-rulli-iepak\/","title":{"rendered":"Tualetes pap\u012brs SMART ONE CENTERFEED Balts,2 sl\u0101\u0146i, 180 m, perfor\u0113ts, 6 ru\u013c\u013ci\/iepak."},"content":{"rendered":"<ul>\n<li>2 sl\u0101\u0146i<\/li>\n<li>Celuloze<\/li>\n<li>Ru\u013c\u013ca garums: 180 m<\/li>\n<li>Loksnes paltums; 11 cm<\/li>\n<li>Ru\u013c\u013ca diametrs: 19 cm<\/li>\n<li>6 ru\u013c\u013ci iepakojum\u0101<\/li>\n<li>Ar ra\u017eot\u0101ja paredz\u0113tu viegli iz\u0146emamu serdeni.<\/li>\n<\/ul>\n<p>&nbsp;<\/p>\n<p>&nbsp;<\/p>\n<p>&nbsp;<\/p>\n<p>&nbsp;<\/p>\n","protected":false},"excerpt":{"rendered":"<div class=\"item_meta\"><\/div>\n<div><\/div>\n","protected":false},"featured_media":72978,"template":"","meta":{"inline_featured_image":false},"product_cat":[136],"product_tag":[],"class_list":{"0":"post-72977","1":"product","2":"type-product","3":"status-publish","4":"has-post-thumbnail","6":"product_cat-tualetes-papirs-rullos","8":"first","9":"instock","10":"downloadable","11":"taxable","12":"shipping-taxable","13":"purchasable","14":"product-type-simple","15":"add-to-wishlist-after_add_to_cart"},"_links":{"self":[{"href":"https:\/\/alkaline.lv\/en\/wp-json\/wp\/v2\/product\/72977"}],"collection":[{"href":"https:\/\/alkaline.lv\/en\/wp-json\/wp\/v2\/product"}],"about":[{"href":"https:\/\/alkaline.lv\/en\/wp-json\/wp\/v2\/types\/product"}],"wp:featuredmedia":[{"embeddable":true,"href":"https:\/\/alkaline.lv\/en\/wp-json\/wp\/v2\/media\/72978"}],"wp:attachment":[{"href":"https:\/\/alkaline.lv\/en\/wp-json\/wp\/v2\/media?parent=72977"}],"wp:term":[{"taxonomy":"product_cat","embeddable":true,"href":"https:\/\/alkaline.lv\/en\/wp-json\/wp\/v2\/product_cat?post=72977"},{"taxonomy":"product_tag","embeddable":true,"href":"https:\/\/alkaline.lv\/en\/wp-json\/wp\/v2\/product_tag?post=72977"}],"curies":[{"name":"wp","href":"https:\/\/api.w.org\/{rel}","templated":true}]}}