{"id":73122,"date":"2025-06-05T15:05:59","date_gmt":"2025-06-05T12:05:59","guid":{"rendered":"https:\/\/alkaline.lv\/?post_type=product&#038;p=73122"},"modified":"2025-06-05T15:09:42","modified_gmt":"2025-06-05T12:09:42","slug":"taski-jontec-shine-care-gridas-vasks-5l-spidigs","status":"publish","type":"product","link":"https:\/\/alkaline.lv\/en\/products\/taski-jontec-shine-care-gridas-vasks-5l-spidigs\/","title":{"rendered":"TASKI Jontec Shine &#038; Care gr\u012bdas vasks 5L sp\u012bd\u012bgs"},"content":{"rendered":"<p>Produkts veido mirdzo\u0161u, ilgsto\u0161i notur\u012bgu sp\u012bdumu da\u017e\u0101da veida gr\u012bdu segumiem (vinila, sint\u0113tiskiem, marmora, terrako, koka, kor\u0137a).<br \/>\nUnik\u0101la tr\u012bsk\u0101r\u0161a polim\u0113ru tehnolo\u0123ija veido iztur\u012bgu pul\u0113juma k\u0101rti\u0146u.<\/p>\n<p><strong>pH 8.5<\/strong><\/p>\n<p><strong>Tilpums: 5L<\/strong><\/p>\n<p>&nbsp;<\/p>\n","protected":false},"excerpt":{"rendered":"<div class=\"item_meta\"><\/div>\n<div><\/div>\n","protected":false},"featured_media":73123,"template":"","meta":{"inline_featured_image":false},"product_cat":[76],"product_tag":[],"class_list":{"0":"post-73122","1":"product","2":"type-product","3":"status-publish","4":"has-post-thumbnail","6":"product_cat-gridu-vaskosanai-un-atjaunosanai","8":"first","9":"instock","10":"taxable","11":"shipping-taxable","12":"purchasable","13":"product-type-simple","14":"add-to-wishlist-after_add_to_cart"},"_links":{"self":[{"href":"https:\/\/alkaline.lv\/en\/wp-json\/wp\/v2\/product\/73122"}],"collection":[{"href":"https:\/\/alkaline.lv\/en\/wp-json\/wp\/v2\/product"}],"about":[{"href":"https:\/\/alkaline.lv\/en\/wp-json\/wp\/v2\/types\/product"}],"wp:featuredmedia":[{"embeddable":true,"href":"https:\/\/alkaline.lv\/en\/wp-json\/wp\/v2\/media\/73123"}],"wp:attachment":[{"href":"https:\/\/alkaline.lv\/en\/wp-json\/wp\/v2\/media?parent=73122"}],"wp:term":[{"taxonomy":"product_cat","embeddable":true,"href":"https:\/\/alkaline.lv\/en\/wp-json\/wp\/v2\/product_cat?post=73122"},{"taxonomy":"product_tag","embeddable":true,"href":"https:\/\/alkaline.lv\/en\/wp-json\/wp\/v2\/product_tag?post=73122"}],"curies":[{"name":"wp","href":"https:\/\/api.w.org\/{rel}","templated":true}]}}