{"id":73142,"date":"2025-06-30T15:02:57","date_gmt":"2025-06-30T12:02:57","guid":{"rendered":"https:\/\/alkaline.lv\/?post_type=product&#038;p=73142"},"modified":"2025-06-30T15:14:45","modified_gmt":"2025-06-30T12:14:45","slug":"mclean-metala-berzamais-suklis-3-gab-iep","status":"publish","type":"product","link":"https:\/\/alkaline.lv\/en\/products\/mclean-metala-berzamais-suklis-3-gab-iep\/","title":{"rendered":"McLean, Met\u0101la ber\u017eamais s\u016bklis, 3 gab.\/iep."},"content":{"rendered":"<div class=\"item_meta\">\n<div class=\"prodview-info-about\">\n<div class=\"prodview-info-about\">\n<div class=\"prodview-info-about\">\n<div class=\"prodview-info-about\">\n<div class=\"prodview-info-about\">\n<div class=\"prodview-info-about\">\n<div class=\"prodview-info-about\">\n<div class=\"prodview-info-about\">\n<div class=\"prodview-info-about\">\n<div class=\"prodview-info-about\">\n<div class=\"prodview-info-about\">\n<div class=\"prodview-info-about\">\n<div class=\"prodview-info-about\">McLean, Met\u0101la ber\u017eamais s\u016bklis, 3 gab.\/iep.<\/div>\n<div class=\"prodview-info-about\">Diametrs 6cm.<br \/>\nKatlu ber\u017eamais met\u0101la s\u016bklis, piem\u0113rots \u013coti net\u012briem traukiem un pann\u0101m. Tie ir p\u0101rkl\u0101ti ar ner\u016bs\u0113jo\u0161o t\u0113raudu, kas palielina to iztur\u012bbu. Vienm\u0113r lietojiet mitru.<\/div>\n<\/div>\n<\/div>\n<\/div>\n<\/div>\n<\/div>\n<\/div>\n<\/div>\n<\/div>\n<\/div>\n<\/div>\n<\/div>\n<\/div>\n<\/div>\n","protected":false},"excerpt":{"rendered":"<div class=\"item_meta\"><\/div>\n<div><\/div>\n","protected":false},"featured_media":73143,"template":"","meta":{"inline_featured_image":false},"product_cat":[66,114,230],"product_tag":[],"class_list":{"0":"post-73142","1":"product","2":"type-product","3":"status-publish","4":"has-post-thumbnail","6":"product_cat-uzkopsanas-inventars","7":"product_cat-sukli-un-abrazivi","8":"product_cat-svammes","10":"first","11":"instock","12":"taxable","13":"shipping-taxable","14":"purchasable","15":"product-type-simple","16":"add-to-wishlist-after_add_to_cart"},"_links":{"self":[{"href":"https:\/\/alkaline.lv\/en\/wp-json\/wp\/v2\/product\/73142"}],"collection":[{"href":"https:\/\/alkaline.lv\/en\/wp-json\/wp\/v2\/product"}],"about":[{"href":"https:\/\/alkaline.lv\/en\/wp-json\/wp\/v2\/types\/product"}],"wp:featuredmedia":[{"embeddable":true,"href":"https:\/\/alkaline.lv\/en\/wp-json\/wp\/v2\/media\/73143"}],"wp:attachment":[{"href":"https:\/\/alkaline.lv\/en\/wp-json\/wp\/v2\/media?parent=73142"}],"wp:term":[{"taxonomy":"product_cat","embeddable":true,"href":"https:\/\/alkaline.lv\/en\/wp-json\/wp\/v2\/product_cat?post=73142"},{"taxonomy":"product_tag","embeddable":true,"href":"https:\/\/alkaline.lv\/en\/wp-json\/wp\/v2\/product_tag?post=73142"}],"curies":[{"name":"wp","href":"https:\/\/api.w.org\/{rel}","templated":true}]}}