{"id":73148,"date":"2025-06-30T20:35:26","date_gmt":"2025-06-30T17:35:26","guid":{"rendered":"https:\/\/alkaline.lv\/?post_type=product&#038;p=73148"},"modified":"2025-06-30T20:36:31","modified_gmt":"2025-06-30T17:36:31","slug":"mikroskiedras-mops-micro-damp-60-cm","status":"publish","type":"product","link":"https:\/\/alkaline.lv\/en\/products\/mikroskiedras-mops-micro-damp-60-cm\/","title":{"rendered":"Mikro\u0161\u0137iedras mops MICRO DAMP, 60 cm"},"content":{"rendered":"<div class=\"prodview-info-about\">\n<div class=\"prodview-info-about\">\n<div class=\"prodview-info-about\">\n<div class=\"prodview-info-about\">\n<div class=\"prodview-info-about\">\n<div class=\"prodview-info-about\">\n<div class=\"prodview-info-about\">\n<div class=\"prodview-info-about\">\n<div class=\"prodview-info-about\">\n<div class=\"prodview-info-about\">\n<div class=\"prodview-info-about\">\n<div class=\"prodview-info-about\">\n<div class=\"prodview-info-about\">\n<div class=\"prodview-info-about\">\n<div class=\"prodview-info-about\">\n<div class=\"prodview-info-about\">\n<div class=\"prodview-info-about\">\n<div class=\"prodview-info-about\">\n<div class=\"prodview-info-about\">\n<div class=\"prodview-info-about\">\n<div class=\"prodview-info-about\">\n<div class=\"prodview-info-about\">\n<div class=\"prodview-info-about\">\n<div class=\"prodview-info-about\">\n<div class=\"prodview-info-about\">\n<div class=\"prodview-info-about\">\n<div class=\"prodview-info-about\">\n<div class=\"prodview-info-about\">\n<div class=\"prodview-info-about\">\n<div class=\"prodview-info-about\">\n<div class=\"prodview-info-about\">\n<div class=\"prodview-info-about\">\n<div>Mikro\u0161\u0137iedras mops vid\u0113ji net\u012bru gr\u012bdu uzkop\u0161anai. Piem\u0113rots gan sausai, gan mitrai uzkop\u0161anai.<br \/>\nIeteicams parketa \/ lamin\u0101ta gr\u012bdu uzkop\u0161anai. Efekt\u012bvs izmantojot tikai \u016bdeni.<\/div>\n<div class=\"item typography-style\">Izm\u0113rs 60cm<\/div>\n<div class=\"item typography-style\">Materi\u0101ls mikro\u0161\u0137iedra<\/div>\n<div class=\"item typography-style\">Sist\u0113ma Velcro<\/div>\n<div>\n<div class=\"product-details-cell td\">Kr\u0101sa zila\/pel\u0113ka<\/div>\n<\/div>\n<\/div>\n<\/div>\n<\/div>\n<\/div>\n<\/div>\n<\/div>\n<\/div>\n<\/div>\n<\/div>\n<\/div>\n<\/div>\n<\/div>\n<\/div>\n<\/div>\n<\/div>\n<\/div>\n<\/div>\n<\/div>\n<\/div>\n<\/div>\n<\/div>\n<\/div>\n<\/div>\n<\/div>\n<\/div>\n<\/div>\n<\/div>\n<\/div>\n<\/div>\n<\/div>\n<\/div>\n<\/div>\n","protected":false},"excerpt":{"rendered":"<div class=\"item_meta\"><\/div>\n<div><\/div>\n","protected":false},"featured_media":73149,"template":"","meta":{"inline_featured_image":false},"product_cat":[1747],"product_tag":[],"class_list":{"0":"post-73148","1":"product","2":"type-product","3":"status-publish","4":"has-post-thumbnail","6":"product_cat-mopi-ar-limlenti-velkro","8":"first","9":"instock","10":"taxable","11":"shipping-taxable","12":"purchasable","13":"product-type-simple","14":"add-to-wishlist-after_add_to_cart"},"_links":{"self":[{"href":"https:\/\/alkaline.lv\/en\/wp-json\/wp\/v2\/product\/73148"}],"collection":[{"href":"https:\/\/alkaline.lv\/en\/wp-json\/wp\/v2\/product"}],"about":[{"href":"https:\/\/alkaline.lv\/en\/wp-json\/wp\/v2\/types\/product"}],"wp:featuredmedia":[{"embeddable":true,"href":"https:\/\/alkaline.lv\/en\/wp-json\/wp\/v2\/media\/73149"}],"wp:attachment":[{"href":"https:\/\/alkaline.lv\/en\/wp-json\/wp\/v2\/media?parent=73148"}],"wp:term":[{"taxonomy":"product_cat","embeddable":true,"href":"https:\/\/alkaline.lv\/en\/wp-json\/wp\/v2\/product_cat?post=73148"},{"taxonomy":"product_tag","embeddable":true,"href":"https:\/\/alkaline.lv\/en\/wp-json\/wp\/v2\/product_tag?post=73148"}],"curies":[{"name":"wp","href":"https:\/\/api.w.org\/{rel}","templated":true}]}}