{"id":73165,"date":"2025-06-30T22:10:39","date_gmt":"2025-06-30T19:10:39","guid":{"rendered":"https:\/\/alkaline.lv\/?post_type=product&#038;p=73165"},"modified":"2025-06-30T22:20:55","modified_gmt":"2025-06-30T19:20:55","slug":"cimdi-nitrila-zilim-professional-24cm-90mik-100gab","status":"publish","type":"product","link":"https:\/\/alkaline.lv\/en\/products\/cimdi-nitrila-zilim-professional-24cm-90mik-100gab\/","title":{"rendered":"Cimdi Nitrila Zili,(M), &#8220;Professional&#8221;, 24cm, 90mik, (100gab)"},"content":{"rendered":"<div class=\"item_meta\">\n<div class=\"prodview-info-about\">\n<div class=\"prodview-info-about\">\n<div class=\"prodview-info-about\">\n<div class=\"prodview-info-about\">\n<div class=\"prodview-info-about\">\n<div class=\"prodview-info-about\">\n<p>Nitrila cimdus ir \u013coti \u0113rti lietot, pateicoties jaun\u0101kaj\u0101m ra\u017eo\u0161anas tehnolo\u0123ij\u0101m.<br \/>\nTie nodro\u0161ina lielisku sa\u0137eres precizit\u0101ti un augstu aizsardz\u012bbas l\u012bmeni pret infekcij\u0101m.<br \/>\nra\u017eots p\u0113c jaun\u0101kaj\u0101m tehnolo\u0123ij\u0101m<br \/>\niztur\u012bgs, \u0113rts, elast\u012bgs, piel\u0101gojas rokai.<\/p>\n<p>Paredz\u0113ts darbam p\u0101rtikas produktu r\u016bpniec\u012bb\u0101 saskar\u0113 ar p\u0101rtiku.<\/p>\n<p>Biezums: 0,12 mm<\/p>\n<p>Garums: 240 mm<\/p>\n<\/div>\n<\/div>\n<\/div>\n<\/div>\n<\/div>\n<\/div>\n<\/div>\n","protected":false},"excerpt":{"rendered":"<div class=\"item_meta\"><\/div>\n<div><\/div>\n","protected":false},"featured_media":73166,"template":"","meta":{"inline_featured_image":false},"product_cat":[146],"product_tag":[],"class_list":{"0":"post-73165","1":"product","2":"type-product","3":"status-publish","4":"has-post-thumbnail","6":"product_cat-vienreiz-lietojamie-cimdi","8":"first","9":"instock","10":"taxable","11":"shipping-taxable","12":"purchasable","13":"product-type-simple","14":"add-to-wishlist-after_add_to_cart"},"_links":{"self":[{"href":"https:\/\/alkaline.lv\/en\/wp-json\/wp\/v2\/product\/73165"}],"collection":[{"href":"https:\/\/alkaline.lv\/en\/wp-json\/wp\/v2\/product"}],"about":[{"href":"https:\/\/alkaline.lv\/en\/wp-json\/wp\/v2\/types\/product"}],"wp:featuredmedia":[{"embeddable":true,"href":"https:\/\/alkaline.lv\/en\/wp-json\/wp\/v2\/media\/73166"}],"wp:attachment":[{"href":"https:\/\/alkaline.lv\/en\/wp-json\/wp\/v2\/media?parent=73165"}],"wp:term":[{"taxonomy":"product_cat","embeddable":true,"href":"https:\/\/alkaline.lv\/en\/wp-json\/wp\/v2\/product_cat?post=73165"},{"taxonomy":"product_tag","embeddable":true,"href":"https:\/\/alkaline.lv\/en\/wp-json\/wp\/v2\/product_tag?post=73165"}],"curies":[{"name":"wp","href":"https:\/\/api.w.org\/{rel}","templated":true}]}}