{"id":73175,"date":"2025-07-01T13:23:37","date_gmt":"2025-07-01T10:23:37","guid":{"rendered":"https:\/\/alkaline.lv\/?post_type=product&#038;p=73175"},"modified":"2025-07-01T13:41:00","modified_gmt":"2025-07-01T10:41:00","slug":"mop-lupata-60cm-dan-mop-wet-velcro-balta-st","status":"publish","type":"product","link":"https:\/\/alkaline.lv\/en\/products\/mop-lupata-60cm-dan-mop-wet-velcro-balta-st\/","title":{"rendered":"MOP lupata 60cm Dan Mop WET VELCRO balta ST"},"content":{"rendered":"<div class=\"prodview-info-about\">\n<div class=\"prodview-info-about\">\n<div class=\"prodview-info-about\">\n<div class=\"prodview-info-about\">\n<div class=\"prodview-info-about\">\n<div class=\"prodview-info-about\">\n<div class=\"prodview-info-about\">\n<div class=\"prodview-info-about\">\n<div class=\"prodview-info-about\">\n<div class=\"prodview-info-about\">\n<div class=\"prodview-info-about\">\n<div class=\"prodview-info-about\">\n<div class=\"prodview-info-about\">\n<div class=\"prodview-info-about\">\n<div class=\"prodview-info-about\">\n<div class=\"prodview-info-about\">\n<div class=\"prodview-info-about\">\n<div class=\"prodview-info-about\">\n<div class=\"prodview-info-about\">\n<div class=\"prodview-info-about\">\n<div class=\"prodview-info-about\">\n<div class=\"prodview-info-about\">\n<div class=\"prodview-info-about\">\n<div class=\"prodview-info-about\">\n<div class=\"prodview-info-about\">\n<div class=\"prodview-info-about\">\n<div class=\"prodview-info-about\">\n<div class=\"prodview-info-about\">\n<div class=\"prodview-info-about\">\n<div class=\"prodview-info-about\">\n<div class=\"prodview-info-about\">\n<div class=\"prodview-info-about\">\n<div>Dan-Mop Wet Velcro ir ide\u0101li piem\u0113rots mitrai un slapjai t\u012br\u012b\u0161anai. Var izmantot tradicion\u0101l\u0101s auduma un t\u012br\u012b\u0161anas birstes izmanto\u0161anas metodes viet\u0101.<\/div>\n<div class=\"item typography-style\">Izm\u0113rs 60cm<\/div>\n<div class=\"item typography-style\">Sist\u0113ma Velcro<\/div>\n<div>\n<div class=\"product-details-cell td\">Kr\u0101sa balta<\/div>\n<\/div>\n<\/div>\n<\/div>\n<\/div>\n<\/div>\n<\/div>\n<\/div>\n<\/div>\n<\/div>\n<\/div>\n<\/div>\n<\/div>\n<\/div>\n<\/div>\n<\/div>\n<\/div>\n<\/div>\n<\/div>\n<\/div>\n<\/div>\n<\/div>\n<\/div>\n<\/div>\n<\/div>\n<\/div>\n<\/div>\n<\/div>\n<\/div>\n<\/div>\n<\/div>\n<\/div>\n<\/div>\n<\/div>\n","protected":false},"excerpt":{"rendered":"<div class=\"item_meta\"><\/div>\n<div><\/div>\n","protected":false},"featured_media":73176,"template":"","meta":{"inline_featured_image":false},"product_cat":[1747],"product_tag":[],"class_list":{"0":"post-73175","1":"product","2":"type-product","3":"status-publish","4":"has-post-thumbnail","6":"product_cat-mopi-ar-limlenti-velkro","8":"first","9":"instock","10":"taxable","11":"shipping-taxable","12":"purchasable","13":"product-type-simple","14":"add-to-wishlist-after_add_to_cart"},"_links":{"self":[{"href":"https:\/\/alkaline.lv\/en\/wp-json\/wp\/v2\/product\/73175"}],"collection":[{"href":"https:\/\/alkaline.lv\/en\/wp-json\/wp\/v2\/product"}],"about":[{"href":"https:\/\/alkaline.lv\/en\/wp-json\/wp\/v2\/types\/product"}],"wp:featuredmedia":[{"embeddable":true,"href":"https:\/\/alkaline.lv\/en\/wp-json\/wp\/v2\/media\/73176"}],"wp:attachment":[{"href":"https:\/\/alkaline.lv\/en\/wp-json\/wp\/v2\/media?parent=73175"}],"wp:term":[{"taxonomy":"product_cat","embeddable":true,"href":"https:\/\/alkaline.lv\/en\/wp-json\/wp\/v2\/product_cat?post=73175"},{"taxonomy":"product_tag","embeddable":true,"href":"https:\/\/alkaline.lv\/en\/wp-json\/wp\/v2\/product_tag?post=73175"}],"curies":[{"name":"wp","href":"https:\/\/api.w.org\/{rel}","templated":true}]}}