{"id":73183,"date":"2025-07-03T18:13:22","date_gmt":"2025-07-03T15:13:22","guid":{"rendered":"https:\/\/alkaline.lv\/?post_type=product&#038;p=73183"},"modified":"2025-07-03T18:19:17","modified_gmt":"2025-07-03T15:19:17","slug":"baterijas-aavarta-energy-box-alkaline-24-gab-iep","status":"publish","type":"product","link":"https:\/\/alkaline.lv\/en\/products\/baterijas-aavarta-energy-box-alkaline-24-gab-iep\/","title":{"rendered":"Baterijas AA,VARTA Energy box Alkaline, 24 gab.\/iep."},"content":{"rendered":"<p>Energy \u2013 Standarta Alkaline bateriju s\u0113rija, lieliski piem\u0113rota ikdienas vajadz\u012bbam, piem\u0113ram, TV pult\u012bm, sienas pulkste\u0146iem.<\/p>\n<h3>Tehnisk\u0101 inform\u0101cija:<\/h3>\n<ul>\n<li>Varta tips: 4106<\/li>\n<li>Atsauce: LR6<\/li>\n<li>Baterijas izm\u0113rs: AA<\/li>\n<li>Diametrs: 14.5mm<\/li>\n<li>Augstums: 50.5mm<\/li>\n<li>Svars: 23.2g<\/li>\n<li>Elektro\u0137\u012bmisk\u0101 sist\u0113ma: Primary Alkaline Manganese<\/li>\n<li>Volt\u0101\u017ea: 1.5v<\/li>\n<\/ul>\n","protected":false},"excerpt":{"rendered":"<div class=\"item_meta\"><\/div>\n<div><\/div>\n","protected":false},"featured_media":73184,"template":"","meta":{"inline_featured_image":false},"product_cat":[156],"product_tag":[],"class_list":{"0":"post-73183","1":"product","2":"type-product","3":"status-publish","4":"has-post-thumbnail","6":"product_cat-baterijas","8":"first","9":"instock","10":"taxable","11":"shipping-taxable","12":"purchasable","13":"product-type-simple","14":"add-to-wishlist-after_add_to_cart"},"_links":{"self":[{"href":"https:\/\/alkaline.lv\/en\/wp-json\/wp\/v2\/product\/73183"}],"collection":[{"href":"https:\/\/alkaline.lv\/en\/wp-json\/wp\/v2\/product"}],"about":[{"href":"https:\/\/alkaline.lv\/en\/wp-json\/wp\/v2\/types\/product"}],"wp:featuredmedia":[{"embeddable":true,"href":"https:\/\/alkaline.lv\/en\/wp-json\/wp\/v2\/media\/73184"}],"wp:attachment":[{"href":"https:\/\/alkaline.lv\/en\/wp-json\/wp\/v2\/media?parent=73183"}],"wp:term":[{"taxonomy":"product_cat","embeddable":true,"href":"https:\/\/alkaline.lv\/en\/wp-json\/wp\/v2\/product_cat?post=73183"},{"taxonomy":"product_tag","embeddable":true,"href":"https:\/\/alkaline.lv\/en\/wp-json\/wp\/v2\/product_tag?post=73183"}],"curies":[{"name":"wp","href":"https:\/\/api.w.org\/{rel}","templated":true}]}}