{"id":73201,"date":"2025-07-16T14:02:52","date_gmt":"2025-07-16T11:02:52","guid":{"rendered":"https:\/\/alkaline.lv\/?post_type=product&#038;p=73201"},"modified":"2025-07-16T14:05:18","modified_gmt":"2025-07-16T11:05:18","slug":"galda-salvetes-3333100-1k-persiku","status":"publish","type":"product","link":"https:\/\/alkaline.lv\/en\/products\/galda-salvetes-3333100-1k-persiku\/","title":{"rendered":"Galda salvetes 33*33*100 1k Persiku"},"content":{"rendered":"<h1>Lenek galda salvetes<\/h1>\n<p>Sl\u0101\u0146u skaits: 1<\/p>\n<p>Izm\u0113rs: 33&#215;33\u00a0cm<\/p>\n<p>Lok\u0161\u0146u skaits pac.: 100 gb<\/p>\n<p>Materi\u0101ls: 100% celuloze<\/p>\n","protected":false},"excerpt":{"rendered":"<p>Lenek galda salvetes Sl\u0101\u0146u skaits: 1 Izm\u0113rs: 33&#215;33\u00a0cm Lok\u0161\u0146u skaits pac.: 100 gb Materi\u0101ls: 100% celuloze<\/p>\n","protected":false},"featured_media":73202,"template":"","meta":{"inline_featured_image":false},"product_cat":[97],"product_tag":[],"class_list":{"0":"post-73201","1":"product","2":"type-product","3":"status-publish","4":"has-post-thumbnail","6":"product_cat-galda-salvetes","8":"first","9":"instock","10":"taxable","11":"shipping-taxable","12":"purchasable","13":"product-type-simple","14":"add-to-wishlist-after_add_to_cart"},"_links":{"self":[{"href":"https:\/\/alkaline.lv\/en\/wp-json\/wp\/v2\/product\/73201","targetHints":{"allow":["GET"]}}],"collection":[{"href":"https:\/\/alkaline.lv\/en\/wp-json\/wp\/v2\/product"}],"about":[{"href":"https:\/\/alkaline.lv\/en\/wp-json\/wp\/v2\/types\/product"}],"wp:featuredmedia":[{"embeddable":true,"href":"https:\/\/alkaline.lv\/en\/wp-json\/wp\/v2\/media\/73202"}],"wp:attachment":[{"href":"https:\/\/alkaline.lv\/en\/wp-json\/wp\/v2\/media?parent=73201"}],"wp:term":[{"taxonomy":"product_cat","embeddable":true,"href":"https:\/\/alkaline.lv\/en\/wp-json\/wp\/v2\/product_cat?post=73201"},{"taxonomy":"product_tag","embeddable":true,"href":"https:\/\/alkaline.lv\/en\/wp-json\/wp\/v2\/product_tag?post=73201"}],"curies":[{"name":"wp","href":"https:\/\/api.w.org\/{rel}","templated":true}]}}