{"id":73221,"date":"2025-07-16T15:04:44","date_gmt":"2025-07-16T12:04:44","guid":{"rendered":"https:\/\/alkaline.lv\/?post_type=product&#038;p=73221"},"modified":"2025-07-16T15:06:08","modified_gmt":"2025-07-16T12:06:08","slug":"galda-salvetes-2424200-2k-baltas","status":"publish","type":"product","link":"https:\/\/alkaline.lv\/en\/products\/galda-salvetes-2424200-2k-baltas\/","title":{"rendered":"Galda salvetes 24*24*200 2k baltas"},"content":{"rendered":"<h1>Lenek galda salvetes<\/h1>\n<p>Sl\u0101\u0146u skaits: 2<\/p>\n<p>Izm\u0113rs: 24&#215;24 cm<\/p>\n<p>Lok\u0161\u0146u skaits pac.: 200 gb<\/p>\n<p>Materi\u0101ls: 100% celuloze<\/p>\n","protected":false},"excerpt":{"rendered":"<p>Lenek galda salvetes Sl\u0101\u0146u skaits: 2 Izm\u0113rs: 24&#215;24 cm Lok\u0161\u0146u skaits pac.: 200 gb Materi\u0101ls: 100% celuloze<\/p>\n","protected":false},"featured_media":73211,"template":"","meta":{"inline_featured_image":false},"product_cat":[97],"product_tag":[],"class_list":{"0":"post-73221","1":"product","2":"type-product","3":"status-publish","4":"has-post-thumbnail","6":"product_cat-galda-salvetes","8":"first","9":"instock","10":"taxable","11":"shipping-taxable","12":"purchasable","13":"product-type-simple","14":"add-to-wishlist-after_add_to_cart"},"_links":{"self":[{"href":"https:\/\/alkaline.lv\/en\/wp-json\/wp\/v2\/product\/73221"}],"collection":[{"href":"https:\/\/alkaline.lv\/en\/wp-json\/wp\/v2\/product"}],"about":[{"href":"https:\/\/alkaline.lv\/en\/wp-json\/wp\/v2\/types\/product"}],"wp:featuredmedia":[{"embeddable":true,"href":"https:\/\/alkaline.lv\/en\/wp-json\/wp\/v2\/media\/73211"}],"wp:attachment":[{"href":"https:\/\/alkaline.lv\/en\/wp-json\/wp\/v2\/media?parent=73221"}],"wp:term":[{"taxonomy":"product_cat","embeddable":true,"href":"https:\/\/alkaline.lv\/en\/wp-json\/wp\/v2\/product_cat?post=73221"},{"taxonomy":"product_tag","embeddable":true,"href":"https:\/\/alkaline.lv\/en\/wp-json\/wp\/v2\/product_tag?post=73221"}],"curies":[{"name":"wp","href":"https:\/\/api.w.org\/{rel}","templated":true}]}}