{"id":73222,"date":"2025-07-16T15:08:13","date_gmt":"2025-07-16T12:08:13","guid":{"rendered":"https:\/\/alkaline.lv\/?post_type=product&#038;p=73222"},"modified":"2025-07-16T15:09:05","modified_gmt":"2025-07-16T12:09:05","slug":"galda-salvetes-2424200-2k-persiku","status":"publish","type":"product","link":"https:\/\/alkaline.lv\/en\/products\/galda-salvetes-2424200-2k-persiku\/","title":{"rendered":"Galda salvetes 24*24*200 2k Persiku"},"content":{"rendered":"<h1>Lenek galda salvetes<\/h1>\n<p>Sl\u0101\u0146u skaits: 2<\/p>\n<p>Izm\u0113rs: 24&#215;24 cm<\/p>\n<p>Lok\u0161\u0146u skaits pac.: 200 gb<\/p>\n<p>Materi\u0101ls: 100% celuloze<\/p>\n","protected":false},"excerpt":{"rendered":"<p>Lenek galda salvetes Sl\u0101\u0146u skaits: 2 Izm\u0113rs: 24&#215;24 cm Lok\u0161\u0146u skaits pac.: 200 gb Materi\u0101ls: 100% celuloze<\/p>\n","protected":false},"featured_media":73216,"template":"","meta":{"inline_featured_image":false},"product_cat":[97],"product_tag":[],"class_list":{"0":"post-73222","1":"product","2":"type-product","3":"status-publish","4":"has-post-thumbnail","6":"product_cat-galda-salvetes","8":"first","9":"instock","10":"taxable","11":"shipping-taxable","12":"purchasable","13":"product-type-simple","14":"add-to-wishlist-after_add_to_cart"},"_links":{"self":[{"href":"https:\/\/alkaline.lv\/en\/wp-json\/wp\/v2\/product\/73222"}],"collection":[{"href":"https:\/\/alkaline.lv\/en\/wp-json\/wp\/v2\/product"}],"about":[{"href":"https:\/\/alkaline.lv\/en\/wp-json\/wp\/v2\/types\/product"}],"wp:featuredmedia":[{"embeddable":true,"href":"https:\/\/alkaline.lv\/en\/wp-json\/wp\/v2\/media\/73216"}],"wp:attachment":[{"href":"https:\/\/alkaline.lv\/en\/wp-json\/wp\/v2\/media?parent=73222"}],"wp:term":[{"taxonomy":"product_cat","embeddable":true,"href":"https:\/\/alkaline.lv\/en\/wp-json\/wp\/v2\/product_cat?post=73222"},{"taxonomy":"product_tag","embeddable":true,"href":"https:\/\/alkaline.lv\/en\/wp-json\/wp\/v2\/product_tag?post=73222"}],"curies":[{"name":"wp","href":"https:\/\/api.w.org\/{rel}","templated":true}]}}