{"id":73241,"date":"2025-07-17T11:47:41","date_gmt":"2025-07-17T08:47:41","guid":{"rendered":"https:\/\/alkaline.lv\/?post_type=product&#038;p=73241"},"modified":"2025-07-17T11:50:45","modified_gmt":"2025-07-17T08:50:45","slug":"roku-salvetes-katrin-plus-celuloze-z-fold-3-slani-90-loksnes-21-pac-iep","status":"publish","type":"product","link":"https:\/\/alkaline.lv\/en\/products\/roku-salvetes-katrin-plus-celuloze-z-fold-3-slani-90-loksnes-21-pac-iep\/","title":{"rendered":"Roku salvetes Katrin Plus celuloze, Z-fold, 3 sl\u0101\u0146i, 90 loksnes, 21 pac.\/iep"},"content":{"rendered":"<ul>\n<li>3 sl\u0101\u0146i<\/li>\n<li>100% celuloze<\/li>\n<li>Loksnes izm\u0113rs nesaloc\u012bt\u0101 veid\u0101: 21 x 34 cm<\/li>\n<li>90 x loksnes paci\u0146\u0101<\/li>\n<li>21 paci\u0146as iepakojum\u0101<\/li>\n<\/ul>\n<p>Katrin\u00ae Plus roku dvie\u013ci ir higi\u0113niski, efekt\u012bgi, ar sp\u0113ju labi uzs\u016bkt mitrumu un ir \u013coti iztur\u012bgi. Atbilst visaugst\u0101kaj\u0101m higi\u0113nas pras\u012bb\u0101m. Videi draudz\u012bgi.<\/p>\n<p><span class=\"es-f-exbold\">Galven\u0101s iez\u012bmes<\/span><\/p>\n<p>Ar reljefu, \u0101tri uzs\u016bc mitrumu. Efekt\u012bvi un higi\u0113niski. Videi draudz\u012bgi.<\/p>\n<p><span class=\"es-f-exbold\">Pielietojums<\/span><\/p>\n<p>Pla\u0161am pielietojumam vis\u0101s iest\u0101d\u0113s, kur apmekl\u0113t\u0101ju skaits ir liels un ir paaugstin\u0101ts slodzes re\u017e\u012bms p\u0113c pap\u012bra roku dvie\u013ciem.<\/p>\n<p><strong>Vide<\/strong><\/p>\n<p><img decoding=\"async\" src=\"https:\/\/www.antalis.lv\/mediashare\/g4media\/images\/picto\/PICT_ENVIR_189.jpg\" \/><img decoding=\"async\" src=\"https:\/\/www.antalis.lv\/mediashare\/g4media\/images\/picto\/PICT_ENVIR_030.jpg\" \/><br \/>\n<strong>Garantijas<\/strong><\/p>\n<p><img decoding=\"async\" src=\"https:\/\/www.antalis.lv\/mediashare\/g4media\/images\/picto\/PICT_APPLIC_GUAR_3018.jpg\" \/><\/p>\n","protected":false},"excerpt":{"rendered":"<div class=\"item_meta\"><\/div>\n<div><\/div>\n","protected":false},"featured_media":73242,"template":"","meta":{"inline_featured_image":false},"product_cat":[135],"product_tag":[],"class_list":{"0":"post-73241","1":"product","2":"type-product","3":"status-publish","4":"has-post-thumbnail","6":"product_cat-sauras-salvetes","8":"first","9":"instock","10":"taxable","11":"shipping-taxable","12":"purchasable","13":"product-type-simple","14":"add-to-wishlist-after_add_to_cart"},"_links":{"self":[{"href":"https:\/\/alkaline.lv\/en\/wp-json\/wp\/v2\/product\/73241"}],"collection":[{"href":"https:\/\/alkaline.lv\/en\/wp-json\/wp\/v2\/product"}],"about":[{"href":"https:\/\/alkaline.lv\/en\/wp-json\/wp\/v2\/types\/product"}],"wp:featuredmedia":[{"embeddable":true,"href":"https:\/\/alkaline.lv\/en\/wp-json\/wp\/v2\/media\/73242"}],"wp:attachment":[{"href":"https:\/\/alkaline.lv\/en\/wp-json\/wp\/v2\/media?parent=73241"}],"wp:term":[{"taxonomy":"product_cat","embeddable":true,"href":"https:\/\/alkaline.lv\/en\/wp-json\/wp\/v2\/product_cat?post=73241"},{"taxonomy":"product_tag","embeddable":true,"href":"https:\/\/alkaline.lv\/en\/wp-json\/wp\/v2\/product_tag?post=73241"}],"curies":[{"name":"wp","href":"https:\/\/api.w.org\/{rel}","templated":true}]}}