{"id":73257,"date":"2025-07-17T15:17:12","date_gmt":"2025-07-17T12:17:12","guid":{"rendered":"https:\/\/alkaline.lv\/?post_type=product&#038;p=73257"},"modified":"2025-07-17T15:20:07","modified_gmt":"2025-07-17T12:20:07","slug":"industrialais-papira-dvielis-rullos-ooops-1-slanis-1000-m-neperforets-1-rullis-iepak","status":"publish","type":"product","link":"https:\/\/alkaline.lv\/en\/products\/industrialais-papira-dvielis-rullos-ooops-1-slanis-1000-m-neperforets-1-rullis-iepak\/","title":{"rendered":"Industri\u0101lais pap\u012bra dvielis ru\u013c\u013cos Ooops! , 1 sl\u0101nis, 1000 m, neperfor\u0113ts, 1 rullis\/iepak"},"content":{"rendered":"<ul>\n<li>1 sl\u0101nis<\/li>\n<li>Balts, celuloze<\/li>\n<li>Ru\u013c\u013ca garums: 1000 m<\/li>\n<li>Loksnes izm\u0113rs: 30 mm<\/li>\n<li>1 rullis iepakojum\u0101<\/li>\n<li>\u012apa\u0161i labi piem\u0113rots viskoziem \u0161\u0137idrumiem, piem\u0113ram, e\u013c\u013cai un taukiem.<\/li>\n<li>Iepakots caursp\u012bd\u012bg\u0101 celef\u0101na iepakojum\u0101.<\/li>\n<\/ul>\n<p><strong>Vide<\/strong><\/p>\n<p><img decoding=\"async\" src=\"https:\/\/www.antalis.lv\/mediashare\/g4media\/images\/picto\/PICT_ENVIR_189.jpg\" \/><img decoding=\"async\" src=\"https:\/\/www.antalis.lv\/mediashare\/g4media\/images\/picto\/PICT_ENVIR_4008.jpg\" \/><img decoding=\"async\" src=\"https:\/\/www.antalis.lv\/mediashare\/g4media\/images\/picto\/PICT_ENVIR_4032.jpg\" \/><img decoding=\"async\" src=\"https:\/\/www.antalis.lv\/mediashare\/g4media\/images\/picto\/PICT_ENVIR_4035.jpg\" \/><\/p>\n<p><strong>Garantijas<\/strong><\/p>\n<p><img decoding=\"async\" src=\"https:\/\/www.antalis.lv\/mediashare\/g4media\/images\/picto\/PICT_APPLIC_GUAR_3018.jpg\" \/><\/p>\n","protected":false},"excerpt":{"rendered":"<div class=\"item_meta\"><\/div>\n<div><\/div>\n","protected":false},"featured_media":73258,"template":"","meta":{"inline_featured_image":false},"product_cat":[96],"product_tag":[],"class_list":{"0":"post-73257","1":"product","2":"type-product","3":"status-publish","4":"has-post-thumbnail","6":"product_cat-industrialais-papirs","8":"first","9":"instock","10":"taxable","11":"shipping-taxable","12":"purchasable","13":"product-type-simple","14":"add-to-wishlist-after_add_to_cart"},"_links":{"self":[{"href":"https:\/\/alkaline.lv\/en\/wp-json\/wp\/v2\/product\/73257"}],"collection":[{"href":"https:\/\/alkaline.lv\/en\/wp-json\/wp\/v2\/product"}],"about":[{"href":"https:\/\/alkaline.lv\/en\/wp-json\/wp\/v2\/types\/product"}],"wp:featuredmedia":[{"embeddable":true,"href":"https:\/\/alkaline.lv\/en\/wp-json\/wp\/v2\/media\/73258"}],"wp:attachment":[{"href":"https:\/\/alkaline.lv\/en\/wp-json\/wp\/v2\/media?parent=73257"}],"wp:term":[{"taxonomy":"product_cat","embeddable":true,"href":"https:\/\/alkaline.lv\/en\/wp-json\/wp\/v2\/product_cat?post=73257"},{"taxonomy":"product_tag","embeddable":true,"href":"https:\/\/alkaline.lv\/en\/wp-json\/wp\/v2\/product_tag?post=73257"}],"curies":[{"name":"wp","href":"https:\/\/api.w.org\/{rel}","templated":true}]}}