{"id":73301,"date":"2025-08-25T14:25:19","date_gmt":"2025-08-25T11:25:19","guid":{"rendered":"https:\/\/alkaline.lv\/?post_type=product&#038;p=73301"},"modified":"2025-08-25T14:25:19","modified_gmt":"2025-08-25T11:25:19","slug":"klade-abc-jums-office-rutinu-a5-formats-96-lapas","status":"publish","type":"product","link":"https:\/\/alkaline.lv\/en\/products\/klade-abc-jums-office-rutinu-a5-formats-96-lapas\/","title":{"rendered":"Klade ABC JUMS Office r\u016bti\u0146u, A5 form\u0101ts 96 lapas"},"content":{"rendered":"<p>R\u016bti\u0146u<br \/>\nSa\u0161\u016bts s\u0101nos<br \/>\nForm\u0101ts: A5 (17 x 20 cm)<br \/>\nR\u016btinu, 96 lapas<br \/>\nIzgatavota no 60 g\/m2 pap\u012bra, bez perfor\u0101cijas, ra\u017eot\u0101ja preces kods ABCJUMS04597<\/p>\n","protected":false},"excerpt":{"rendered":"<p>R\u016bti\u0146u Sa\u0161\u016bts s\u0101nos Form\u0101ts: A5 (17 x 20 cm) R\u016btinu, 96 lapas Izgatavota no 60 g\/m2 pap\u012bra, bez perfor\u0101cijas, ra\u017eot\u0101ja preces kods ABCJUMS04597<\/p>\n","protected":false},"featured_media":73302,"template":"","meta":{"inline_featured_image":false},"product_cat":[395],"product_tag":[],"class_list":{"0":"post-73301","1":"product","2":"type-product","3":"status-publish","4":"has-post-thumbnail","6":"product_cat-klades","8":"first","9":"instock","10":"taxable","11":"shipping-taxable","12":"purchasable","13":"product-type-simple","14":"add-to-wishlist-after_add_to_cart"},"_links":{"self":[{"href":"https:\/\/alkaline.lv\/en\/wp-json\/wp\/v2\/product\/73301"}],"collection":[{"href":"https:\/\/alkaline.lv\/en\/wp-json\/wp\/v2\/product"}],"about":[{"href":"https:\/\/alkaline.lv\/en\/wp-json\/wp\/v2\/types\/product"}],"wp:featuredmedia":[{"embeddable":true,"href":"https:\/\/alkaline.lv\/en\/wp-json\/wp\/v2\/media\/73302"}],"wp:attachment":[{"href":"https:\/\/alkaline.lv\/en\/wp-json\/wp\/v2\/media?parent=73301"}],"wp:term":[{"taxonomy":"product_cat","embeddable":true,"href":"https:\/\/alkaline.lv\/en\/wp-json\/wp\/v2\/product_cat?post=73301"},{"taxonomy":"product_tag","embeddable":true,"href":"https:\/\/alkaline.lv\/en\/wp-json\/wp\/v2\/product_tag?post=73301"}],"curies":[{"name":"wp","href":"https:\/\/api.w.org\/{rel}","templated":true}]}}