{"id":73307,"date":"2025-08-25T14:26:34","date_gmt":"2025-08-25T11:26:34","guid":{"rendered":"https:\/\/alkaline.lv\/?post_type=product&#038;p=73307"},"modified":"2025-08-25T14:30:22","modified_gmt":"2025-08-25T11:30:22","slug":"kantorgramata-abc-jums-exe-a4-formats-48-lapas-rutinu","status":"publish","type":"product","link":"https:\/\/alkaline.lv\/en\/products\/kantorgramata-abc-jums-exe-a4-formats-48-lapas-rutinu\/","title":{"rendered":"Kantorgr\u0101mata ABC JUMS EXE A4 form\u0101ts 48 lapas, r\u016bti\u0146u"},"content":{"rendered":"<p>R\u016bti\u0146u<br \/>\nSa\u0161\u016bts s\u0101nos<br \/>\nForm\u0101ts: A4<br \/>\nR\u016bti\u0146u, 48 lapas<\/p>\n","protected":false},"excerpt":{"rendered":"<p>R\u016bti\u0146u Sa\u0161\u016bts s\u0101nos Form\u0101ts: A4 R\u016bti\u0146u, 48 lapas<\/p>\n","protected":false},"featured_media":73302,"template":"","meta":{"inline_featured_image":false},"product_cat":[395],"product_tag":[],"class_list":{"0":"post-73307","1":"product","2":"type-product","3":"status-publish","4":"has-post-thumbnail","6":"product_cat-klades","8":"first","9":"instock","10":"taxable","11":"shipping-taxable","12":"purchasable","13":"product-type-simple","14":"add-to-wishlist-after_add_to_cart"},"_links":{"self":[{"href":"https:\/\/alkaline.lv\/en\/wp-json\/wp\/v2\/product\/73307"}],"collection":[{"href":"https:\/\/alkaline.lv\/en\/wp-json\/wp\/v2\/product"}],"about":[{"href":"https:\/\/alkaline.lv\/en\/wp-json\/wp\/v2\/types\/product"}],"wp:featuredmedia":[{"embeddable":true,"href":"https:\/\/alkaline.lv\/en\/wp-json\/wp\/v2\/media\/73302"}],"wp:attachment":[{"href":"https:\/\/alkaline.lv\/en\/wp-json\/wp\/v2\/media?parent=73307"}],"wp:term":[{"taxonomy":"product_cat","embeddable":true,"href":"https:\/\/alkaline.lv\/en\/wp-json\/wp\/v2\/product_cat?post=73307"},{"taxonomy":"product_tag","embeddable":true,"href":"https:\/\/alkaline.lv\/en\/wp-json\/wp\/v2\/product_tag?post=73307"}],"curies":[{"name":"wp","href":"https:\/\/api.w.org\/{rel}","templated":true}]}}