{"id":73311,"date":"2025-08-25T14:50:20","date_gmt":"2025-08-25T11:50:20","guid":{"rendered":"https:\/\/alkaline.lv\/?post_type=product&#038;p=73311"},"modified":"2025-08-25T14:52:11","modified_gmt":"2025-08-25T11:52:11","slug":"limlapinas-forpus-ar-izmeru-50x-40mm-3-gab-iepak-asorti-neona-krasas","status":"publish","type":"product","link":"https:\/\/alkaline.lv\/en\/products\/limlapinas-forpus-ar-izmeru-50x-40mm-3-gab-iepak-asorti-neona-krasas\/","title":{"rendered":"L\u012bmlapi\u0146as Forpus ar izm\u0113ru 50x 40mm, ,3 gab\/iepak., asorti neona kr\u0101sas"},"content":{"rendered":"","protected":false},"excerpt":{"rendered":"","protected":false},"featured_media":73312,"template":"","meta":{"inline_featured_image":false},"product_cat":[421],"product_tag":[],"class_list":{"0":"post-73311","1":"product","2":"type-product","3":"status-publish","4":"has-post-thumbnail","6":"product_cat-limlapinas-2","8":"first","9":"instock","10":"taxable","11":"shipping-taxable","12":"purchasable","13":"product-type-simple","14":"add-to-wishlist-after_add_to_cart"},"_links":{"self":[{"href":"https:\/\/alkaline.lv\/en\/wp-json\/wp\/v2\/product\/73311"}],"collection":[{"href":"https:\/\/alkaline.lv\/en\/wp-json\/wp\/v2\/product"}],"about":[{"href":"https:\/\/alkaline.lv\/en\/wp-json\/wp\/v2\/types\/product"}],"wp:featuredmedia":[{"embeddable":true,"href":"https:\/\/alkaline.lv\/en\/wp-json\/wp\/v2\/media\/73312"}],"wp:attachment":[{"href":"https:\/\/alkaline.lv\/en\/wp-json\/wp\/v2\/media?parent=73311"}],"wp:term":[{"taxonomy":"product_cat","embeddable":true,"href":"https:\/\/alkaline.lv\/en\/wp-json\/wp\/v2\/product_cat?post=73311"},{"taxonomy":"product_tag","embeddable":true,"href":"https:\/\/alkaline.lv\/en\/wp-json\/wp\/v2\/product_tag?post=73311"}],"curies":[{"name":"wp","href":"https:\/\/api.w.org\/{rel}","templated":true}]}}