{"id":73328,"date":"2025-08-25T21:27:57","date_gmt":"2025-08-25T18:27:57","guid":{"rendered":"https:\/\/alkaline.lv\/?post_type=product&#038;p=73328"},"modified":"2025-08-25T21:29:09","modified_gmt":"2025-08-25T18:29:09","slug":"trauku-mazgasanas-lidzeklis-ewol-add-1l","status":"publish","type":"product","link":"https:\/\/alkaline.lv\/en\/products\/trauku-mazgasanas-lidzeklis-ewol-add-1l\/","title":{"rendered":"Trauku mazg\u0101\u0161anas l\u012bdzeklis EWOL ADD, 1L"},"content":{"rendered":"<div class=\"item_meta\">\n<p>Koncentr\u0113ts un efekt\u012bvs l\u012bdzeklis \u013coti net\u012bru trauku un virtuves piederumu mazg\u0101\u0161anai, k\u0101rst\u0101 t\u0101 ar\u012b aukst\u0101 \u016bden\u012b. Emu\u013c\u0123\u0113 taukus un samazina kanaliz\u0101cijas cauru\u013cu aizs\u0113r\u0113\u0161anu. Nekairina roku \u0101du. Biolo\u0123iski sadal\u0101s. \u0100dai labvel\u012bgs pH.<\/p>\n<p><strong>Lieto\u0161ana<\/strong>: 10-40 ml koncentr\u0101ta at\u0161\u0137aid\u012bt 5 litros \u016bdens.<\/p>\n<p><strong>Sast\u0101vda\u013cas:<\/strong> anjonu virsmakt\u012bvas vielas &lt;5%, nejonu virsmakt\u012bvas vielas &lt;5%, amfoteras virsmakt\u012bvas vielas &lt;5%, smar\u017evielu kompoz\u012bcija, Limonene, konservants. Nesatur kr\u0101svielas.<\/p>\n<\/div>\n<p><strong>Tilpums: 1 L<\/strong><\/p>\n","protected":false},"excerpt":{"rendered":"<div class=\"item_meta\"><\/div>\n<div><\/div>\n","protected":false},"featured_media":73329,"template":"","meta":{"inline_featured_image":false},"product_cat":[371],"product_tag":[],"class_list":{"0":"post-73328","1":"product","2":"type-product","3":"status-publish","4":"has-post-thumbnail","6":"product_cat-trauku-mazgasanas-lidzekli-mazajos-iepakojumos","8":"first","9":"instock","10":"taxable","11":"shipping-taxable","12":"purchasable","13":"product-type-simple","14":"add-to-wishlist-after_add_to_cart"},"_links":{"self":[{"href":"https:\/\/alkaline.lv\/en\/wp-json\/wp\/v2\/product\/73328"}],"collection":[{"href":"https:\/\/alkaline.lv\/en\/wp-json\/wp\/v2\/product"}],"about":[{"href":"https:\/\/alkaline.lv\/en\/wp-json\/wp\/v2\/types\/product"}],"wp:featuredmedia":[{"embeddable":true,"href":"https:\/\/alkaline.lv\/en\/wp-json\/wp\/v2\/media\/73329"}],"wp:attachment":[{"href":"https:\/\/alkaline.lv\/en\/wp-json\/wp\/v2\/media?parent=73328"}],"wp:term":[{"taxonomy":"product_cat","embeddable":true,"href":"https:\/\/alkaline.lv\/en\/wp-json\/wp\/v2\/product_cat?post=73328"},{"taxonomy":"product_tag","embeddable":true,"href":"https:\/\/alkaline.lv\/en\/wp-json\/wp\/v2\/product_tag?post=73328"}],"curies":[{"name":"wp","href":"https:\/\/api.w.org\/{rel}","templated":true}]}}