{"id":73338,"date":"2025-08-26T21:07:25","date_gmt":"2025-08-26T18:07:25","guid":{"rendered":"https:\/\/alkaline.lv\/?post_type=product&#038;p=73338"},"modified":"2025-08-26T21:14:39","modified_gmt":"2025-08-26T18:14:39","slug":"mayeri-all-care-universal-velas-pulveris-165kg","status":"publish","type":"product","link":"https:\/\/alkaline.lv\/en\/products\/mayeri-all-care-universal-velas-pulveris-165kg\/","title":{"rendered":"MAYERI All-Care Universal ve\u013cas pulveris 1,65kg"},"content":{"rendered":"<p><span style=\"font-size: 10pt;\">Univers\u0101ls ve\u013cas pulveris baltas ve\u013cas mazg\u0101\u0161anai ve\u013cas ma\u0161\u012bn\u0101 vai ar rok\u0101m. Mazga\u0304jot ar roka\u0304m, lietojiet aizsargcimdus. Efekt\u012bvi mazg\u0101 k\u0101 aukst\u0101, t\u0101 ar\u012b karst\u0101 \u016bden\u012b. Satur balina\u0304ta\u0304ju uz sk\u0101bek\u013ca b\u0101zes, kur\u0161 efekti\u0304gi pali\u0304dz izmazga\u0304t da\u017ea\u0304dus traipus (kafija, te\u0304ja) un bioakti\u0304vos enzi\u0304mus, kuri pali\u0304dz izmazga\u0304t spe\u0304ci\u0304gos traipus (pieme\u0304ram, \u0161okola\u0304des, olas, asin\u0327u u.c. traipus). Satur u\u0304deni mi\u0304kstino\u0161as vielas, kas aizsarga\u0304 vel\u0327as ma\u0161i\u0304nu no kal\u0327k\u0327akmens nogul\u0161n\u0327u veido\u0161an\u0101s. Sasta\u0304va\u0304 iekl\u0327auts vel\u0327as ma\u0161i\u0304nu aizsarga\u0304jo\u0161s pretkorozijas indikators.<br \/>\n<strong>Lieto\u0161ana<\/strong>: sekojiet instrukcijai uz iepakojuma un ap\u0123\u0113rbu ra\u017eot\u0101ja nor\u0101d\u012bjumiem. Mazg\u0101\u0161anas temperat\u016bra 30-95\u00baC. Efekt\u012bvs pie temperat\u016bras 30\u00baC. Ja Jums ir aler\u0123ija pret m\u0101jas putek\u013ciem vai infekcijas slim\u012bbu gad\u012bjum\u0101, gultas ve\u013cu vienm\u0113r mazg\u0101jiet pie 60\u00baC.\u00a0<\/span><\/p>\n<p><span style=\"font-size: 10pt;\"><strong>Doz\u0101cija uz 3-5kg ve\u013cas:<br \/>\n<\/strong><em>m\u012bksts \u016bdens &lt; 8\u00a0<sup>o<\/sup>dH<\/em><\/span><br \/>\n<span style=\"font-size: 10pt;\">&#8211; viegli net\u012bra ve\u013ca 30ml<\/span><br \/>\n<span style=\"font-size: 10pt;\">&#8211; vid\u0113ji net\u012bra ve\u013ca 40ml<\/span><br \/>\n<span style=\"font-size: 10pt;\">&#8211; stipri net\u012bra ve\u013ca 55ml<\/span><br \/>\n<em><span style=\"font-size: 10pt;\">vid\u0113ji ciets \u016bdens 8-14\u00a0<sup>o<\/sup>dH<\/span><\/em><br \/>\n<span style=\"font-size: 10pt;\">&#8211; viegli net\u012bra ve\u013ca 40ml<\/span><br \/>\n<span style=\"font-size: 10pt;\">&#8211; vid\u0113ji net\u012bra ve\u013ca 50ml<\/span><br \/>\n<span style=\"font-size: 10pt;\">&#8211; stipri net\u012bra ve\u013ca 70ml<\/span><br \/>\n<em><span style=\"font-size: 10pt;\">ciets \u016bdens &gt; 14\u00a0<sup>o<\/sup>dH<\/span><\/em><br \/>\n<span style=\"font-size: 10pt;\">&#8211; viegli net\u012bra ve\u013ca 50ml<\/span><br \/>\n<span style=\"font-size: 10pt;\">&#8211; vid\u0113ji net\u012bra ve\u013ca 65ml<\/span><br \/>\n<span style=\"font-size: 10pt;\">&#8211; stipri net\u012bra ve\u013ca 90ml<br \/>\n<strong>Sast\u0101vs<\/strong>: 5-15% sk\u0101bekli saturo\u0161i balin\u0101t\u0101ji, &lt;5-15% anjonu virsmakt\u012bv\u0101s vielas, &lt;5% nejonu virsmakt\u012bv\u0101s vielas, &lt;5% fosfon\u0101ts, fermenti, smar\u017evielas. Nesatur fosf\u0101tus.<\/span><\/p>\n<p><strong><span style=\"text-decoration: underline;\">EKOMAR\u0136\u0112TS PRODUKTS:<\/span>\u00a0videi draudz\u012bgs, laboratoriski p\u0101rbaud\u012bta efektivit\u0101te un kontrol\u0113ts sast\u0101vs.<\/strong><br \/>\n<span style=\"font-size: 10pt;\">Izmantojot \u0161o mazg\u0101\u0161anas l\u012bdzekli, kuram ir pie\u0161\u0137irts ekolo\u0123iskais mar\u0137\u0113jums, un iev\u0113rojot lieto\u0161anas ieteikumus, mazin\u0101s \u016bdens pies\u0101r\u0146ojums, atkritumu veido\u0161an\u0101s un elektroener\u0123ijas pat\u0113ri\u0146\u0161.<\/span><\/p>\n<p><strong>Svars 1.65kg<\/strong><\/p>\n","protected":false},"excerpt":{"rendered":"<div class=\"item_meta\"><\/div>\n<div><\/div>\n","protected":false},"featured_media":73339,"template":"","meta":{"inline_featured_image":false},"product_cat":[77],"product_tag":[],"class_list":{"0":"post-73338","1":"product","2":"type-product","3":"status-publish","4":"has-post-thumbnail","6":"product_cat-velas-mazgasanas-lidzekli","8":"first","9":"instock","10":"taxable","11":"shipping-taxable","12":"purchasable","13":"product-type-simple","14":"add-to-wishlist-after_add_to_cart"},"_links":{"self":[{"href":"https:\/\/alkaline.lv\/en\/wp-json\/wp\/v2\/product\/73338","targetHints":{"allow":["GET"]}}],"collection":[{"href":"https:\/\/alkaline.lv\/en\/wp-json\/wp\/v2\/product"}],"about":[{"href":"https:\/\/alkaline.lv\/en\/wp-json\/wp\/v2\/types\/product"}],"wp:featuredmedia":[{"embeddable":true,"href":"https:\/\/alkaline.lv\/en\/wp-json\/wp\/v2\/media\/73339"}],"wp:attachment":[{"href":"https:\/\/alkaline.lv\/en\/wp-json\/wp\/v2\/media?parent=73338"}],"wp:term":[{"taxonomy":"product_cat","embeddable":true,"href":"https:\/\/alkaline.lv\/en\/wp-json\/wp\/v2\/product_cat?post=73338"},{"taxonomy":"product_tag","embeddable":true,"href":"https:\/\/alkaline.lv\/en\/wp-json\/wp\/v2\/product_tag?post=73338"}],"curies":[{"name":"wp","href":"https:\/\/api.w.org\/{rel}","templated":true}]}}