{"id":73341,"date":"2025-08-26T21:56:55","date_gmt":"2025-08-26T18:56:55","guid":{"rendered":"https:\/\/alkaline.lv\/?post_type=product&#038;p=73341"},"modified":"2025-08-26T22:01:59","modified_gmt":"2025-08-26T19:01:59","slug":"elba-tirisanas-pasta-1-3kg","status":"publish","type":"product","link":"https:\/\/alkaline.lv\/en\/products\/elba-tirisanas-pasta-1-3kg\/","title":{"rendered":"ELBA t\u012br\u012b\u0161anas pasta, 1.3kg"},"content":{"rendered":"<h4><strong>Produkta priek\u0161roc\u012bbas:<\/strong><\/h4>\n<p>\u2713\u00a0Ori\u0123in\u0101l\u0101 formula<br \/>\n\u2713\u00a0Sk\u0101bs sast\u0101vs<br \/>\n\u2713\u00a0Maigs abraz\u012bvs<br \/>\n\u2713 Svaigs arom\u0101ts<br \/>\n\u2713\u00a0Nav kr\u0101svielu<br \/>\n\u2713\u00a0P\u0101rstr\u0101d\u0101ts iepakojums<br \/>\n\u2713\u00a0Profesion\u0101\u013cu izv\u0113le<br \/>\n\u2713 P\u0101rdo\u0161anu l\u012bderis<\/p>\n<h4><strong>Apraksts:<\/strong><\/h4>\n<p>Augstas efektivit\u0101tes t\u012br\u012b\u0161anas l\u012bdzeklis, kas paredz\u0113ts ciet\u0101 \u016bdens nogul\u0161\u0146u, ka\u013c\u0137akmens, r\u016bsas un ziepju nos\u0113dumu no\u0146em\u0161anai. \u012apa\u0161i efekt\u012bvs cietu porainu virsmu t\u012br\u012b\u0161anai. Dro\u0161s lieto\u0161anai uz ner\u016bs\u0113jo\u0161\u0101 t\u0113rauda. Izmantojiet, lai not\u012br\u012btu notur\u012bgas neorganisku miner\u0101lu, ciet\u0101 \u016bdens vai r\u016bsas nogulsnes. Viegli un \u0101tri no\u0146em ziepju nogulsnes un ielipu\u0161os net\u012brumus, atst\u0101jot virsmas t\u012bras un sp\u012bd\u012bgas ar minim\u0101lu piep\u016bli. \u0100tri atgrie\u017e ner\u016bs\u0113jo\u0161\u0101 t\u0113rauda izlietn\u0113m un mais\u012bt\u0101jiem s\u0101kotn\u0113jo sp\u012bdumu. Efekt\u012bvi t\u012bra vannas un du\u0161as. Darbojas gan m\u0101j\u0101s, gan \u0101r\u0101 un d\u0101rz\u0101. Tiek pieg\u0101d\u0101ts klasisk\u0101 \u0113rt\u0101 un ekonomisk\u0101 iepakojum\u0101.<\/p>\n<p><strong>pH<\/strong> 2-3.<\/p>\n<p><strong>Tilpums: 1.3kg<\/strong><\/p>\n","protected":false},"excerpt":{"rendered":"<div class=\"item_meta\"><\/div>\n<div><\/div>\n","protected":false},"featured_media":73342,"template":"","meta":{"inline_featured_image":false},"product_cat":[78,1775],"product_tag":[],"class_list":{"0":"post-73341","1":"product","2":"type-product","3":"status-publish","4":"has-post-thumbnail","6":"product_cat-sanitaro-telpu-tirisanai","7":"product_cat-virsmu-ikdienas-uzkopsanai","9":"first","10":"instock","11":"taxable","12":"shipping-taxable","13":"purchasable","14":"product-type-simple","15":"add-to-wishlist-after_add_to_cart"},"_links":{"self":[{"href":"https:\/\/alkaline.lv\/en\/wp-json\/wp\/v2\/product\/73341","targetHints":{"allow":["GET"]}}],"collection":[{"href":"https:\/\/alkaline.lv\/en\/wp-json\/wp\/v2\/product"}],"about":[{"href":"https:\/\/alkaline.lv\/en\/wp-json\/wp\/v2\/types\/product"}],"wp:featuredmedia":[{"embeddable":true,"href":"https:\/\/alkaline.lv\/en\/wp-json\/wp\/v2\/media\/73342"}],"wp:attachment":[{"href":"https:\/\/alkaline.lv\/en\/wp-json\/wp\/v2\/media?parent=73341"}],"wp:term":[{"taxonomy":"product_cat","embeddable":true,"href":"https:\/\/alkaline.lv\/en\/wp-json\/wp\/v2\/product_cat?post=73341"},{"taxonomy":"product_tag","embeddable":true,"href":"https:\/\/alkaline.lv\/en\/wp-json\/wp\/v2\/product_tag?post=73341"}],"curies":[{"name":"wp","href":"https:\/\/api.w.org\/{rel}","templated":true}]}}