{"id":73376,"date":"2025-10-21T19:24:18","date_gmt":"2025-10-21T16:24:18","guid":{"rendered":"https:\/\/alkaline.lv\/?post_type=product&#038;p=73376"},"modified":"2025-10-21T19:28:28","modified_gmt":"2025-10-21T16:28:28","slug":"pp-multi-pita-haki-virve-diametrs-3mm100m-kartona-caurule","status":"publish","type":"product","link":"https:\/\/alkaline.lv\/en\/products\/pp-multi-pita-haki-virve-diametrs-3mm100m-kartona-caurule\/","title":{"rendered":"PP-Multi p\u012bta Haki virve, diametrs 3mm*100m, kartona caurule"},"content":{"rendered":"<p>P\u012bta aukla, polipropil\u0113na, 3 mm, cilindrs, milit\u0101rs, 100 m<\/p>\n<p>Produkta att\u0113ls var at\u0161\u0137irties.<\/p>\n","protected":false},"excerpt":{"rendered":"<p>P\u012bta aukla, polipropil\u0113na, 3 mm, cilindrs, milit\u0101rs, 100 m Produkta att\u0113ls var at\u0161\u0137irties.<\/p>\n","protected":false},"featured_media":73377,"template":"","meta":{"inline_featured_image":false},"product_cat":[315],"product_tag":[],"class_list":{"0":"post-73376","1":"product","2":"type-product","3":"status-publish","4":"has-post-thumbnail","6":"product_cat-piederumi-notariem","8":"first","9":"instock","10":"taxable","11":"shipping-taxable","12":"purchasable","13":"product-type-simple","14":"add-to-wishlist-after_add_to_cart"},"_links":{"self":[{"href":"https:\/\/alkaline.lv\/en\/wp-json\/wp\/v2\/product\/73376"}],"collection":[{"href":"https:\/\/alkaline.lv\/en\/wp-json\/wp\/v2\/product"}],"about":[{"href":"https:\/\/alkaline.lv\/en\/wp-json\/wp\/v2\/types\/product"}],"wp:featuredmedia":[{"embeddable":true,"href":"https:\/\/alkaline.lv\/en\/wp-json\/wp\/v2\/media\/73377"}],"wp:attachment":[{"href":"https:\/\/alkaline.lv\/en\/wp-json\/wp\/v2\/media?parent=73376"}],"wp:term":[{"taxonomy":"product_cat","embeddable":true,"href":"https:\/\/alkaline.lv\/en\/wp-json\/wp\/v2\/product_cat?post=73376"},{"taxonomy":"product_tag","embeddable":true,"href":"https:\/\/alkaline.lv\/en\/wp-json\/wp\/v2\/product_tag?post=73376"}],"curies":[{"name":"wp","href":"https:\/\/api.w.org\/{rel}","templated":true}]}}