{"id":73385,"date":"2025-11-13T11:07:05","date_gmt":"2025-11-13T09:07:05","guid":{"rendered":"https:\/\/alkaline.lv\/?post_type=product&#038;p=73385"},"modified":"2025-11-13T11:15:11","modified_gmt":"2025-11-13T09:15:11","slug":"ooops-veselibas-aprupes-papirs-rullos-2-slanu-balts-rullis-50cm-x-50m","status":"publish","type":"product","link":"https:\/\/alkaline.lv\/en\/products\/ooops-veselibas-aprupes-papirs-rullos-2-slanu-balts-rullis-50cm-x-50m\/","title":{"rendered":"Ooops! Vesel\u012bbas apr\u016bpes pap\u012brs ru\u013c\u013cos, 2- sl\u0101\u0146u, balts, rullis 50cm x 50m"},"content":{"rendered":"<p>Higi\u0113nas pap\u012brs ru\u013c\u013cos. Izmantojams vesel\u012bbas apr\u016bpes iest\u0101d\u0113s, proced\u016bru kabinetos, kosm\u0113tiskajos un Spa centros.<\/p>\n<p><span lang=\"lv\" xml:lang=\"lv\">100% celuloze<br \/>\nSl\u0101\u0146u skaits: 2<br \/>\nIzm\u0113rs: 50 cm x 50 m<\/span><\/p>\n<p>Iepakojum\u0101:\u00a0<span lang=\"lv\" xml:lang=\"lv\">9 ru\u013c\u013ci (katrs individu\u0101laj\u0101 iepakojum\u0101)<\/span><br \/>\n<strong>Cena ir nor\u0101d\u012bta par vienu rulli<\/strong><br \/>\nV\u0113lamais pas\u016bt\u012bjuma daudzums &#8211; iepakojums (9 ru\u013c\u013ci)<\/p>\n<p data-wp-editing=\"1\">\n","protected":false},"excerpt":{"rendered":"<div class=\"item_meta\"><\/div>\n<div><\/div>\n","protected":false},"featured_media":73386,"template":"","meta":{"inline_featured_image":false},"product_cat":[98],"product_tag":[],"class_list":{"0":"post-73385","1":"product","2":"type-product","3":"status-publish","4":"has-post-thumbnail","6":"product_cat-hospitalu-rulli","8":"first","9":"instock","10":"taxable","11":"shipping-taxable","12":"purchasable","13":"product-type-simple","14":"add-to-wishlist-after_add_to_cart"},"_links":{"self":[{"href":"https:\/\/alkaline.lv\/en\/wp-json\/wp\/v2\/product\/73385"}],"collection":[{"href":"https:\/\/alkaline.lv\/en\/wp-json\/wp\/v2\/product"}],"about":[{"href":"https:\/\/alkaline.lv\/en\/wp-json\/wp\/v2\/types\/product"}],"wp:featuredmedia":[{"embeddable":true,"href":"https:\/\/alkaline.lv\/en\/wp-json\/wp\/v2\/media\/73386"}],"wp:attachment":[{"href":"https:\/\/alkaline.lv\/en\/wp-json\/wp\/v2\/media?parent=73385"}],"wp:term":[{"taxonomy":"product_cat","embeddable":true,"href":"https:\/\/alkaline.lv\/en\/wp-json\/wp\/v2\/product_cat?post=73385"},{"taxonomy":"product_tag","embeddable":true,"href":"https:\/\/alkaline.lv\/en\/wp-json\/wp\/v2\/product_tag?post=73385"}],"curies":[{"name":"wp","href":"https:\/\/api.w.org\/{rel}","templated":true}]}}