{"id":73390,"date":"2025-11-21T10:54:18","date_gmt":"2025-11-21T08:54:18","guid":{"rendered":"https:\/\/alkaline.lv\/?post_type=product&#038;p=73390"},"modified":"2025-11-21T10:57:18","modified_gmt":"2025-11-21T08:57:18","slug":"supercobra-aerosols-pret-lidojosiem-un-rapojosiem-insektiem-400ml","status":"publish","type":"product","link":"https:\/\/alkaline.lv\/en\/products\/supercobra-aerosols-pret-lidojosiem-un-rapojosiem-insektiem-400ml\/","title":{"rendered":"SUPERCOBRA Aerosols pret lidojo\u0161iem un r\u0101pojo\u0161iem insektiem, 400ml"},"content":{"rendered":"<div class=\"prodview-info-about\">\n<div class=\"prodview-info-about\">\n<div class=\"prodview-info-about\">\n<div class=\"prodview-info-about\">\n<div class=\"prodview-info-about\">\n<h5 class=\"title\">L\u012bdzeklis pret insektiem.<br \/>\nKombin\u0113tais aerosols izn\u012bcina lidojo\u0161os un r\u0101pojo\u0161os kukai\u0146us: mu\u0161as, mosk\u012btus, odus, lapsenes, kodes, skudras, blusas, prusakus un zirnek\u013cus.<br \/>\nSuperCobra aerosols pal\u012bdz\u0113s atbr\u012bvoties no nev\u0113lamiem kukai\u0146iem un insektiem gan iek\u0161telp\u0101s, gan br\u012bv\u0101 dab\u0101.<\/p>\n<p>Bioc\u012bda Inventariz\u0101cijas Nr. 22112005\/9571<\/p>\n<p>H222 \u012apa\u0161i viegli uzliesmojo\u0161s aerosols.<br \/>\nH229 Tvertne zem spiediena: karstum\u0101 var eksplod\u0113t.<br \/>\nH410 \u013boti toksisks \u016bdens organismiem ar ilgsto\u0161\u0101m sek\u0101m.<br \/>\nLietojiet bioc\u012bdus uzman\u012bgi. Pirms lieto\u0161anas vienm\u0113r izlasiet eti\u0137eti un inform\u0101ciju par bioc\u012bdu.<\/h5>\n<\/div>\n<\/div>\n<\/div>\n<\/div>\n<\/div>\n","protected":false},"excerpt":{"rendered":"<div class=\"item_meta\"><\/div>\n<div><\/div>\n","protected":false},"featured_media":73391,"template":"","meta":{"inline_featured_image":false},"product_cat":[1820],"product_tag":[],"class_list":{"0":"post-73390","1":"product","2":"type-product","3":"status-publish","4":"has-post-thumbnail","6":"product_cat-lidzekli-pret-kaitekliem-un-insektiem","8":"first","9":"instock","10":"taxable","11":"shipping-taxable","12":"purchasable","13":"product-type-simple","14":"add-to-wishlist-after_add_to_cart"},"_links":{"self":[{"href":"https:\/\/alkaline.lv\/en\/wp-json\/wp\/v2\/product\/73390"}],"collection":[{"href":"https:\/\/alkaline.lv\/en\/wp-json\/wp\/v2\/product"}],"about":[{"href":"https:\/\/alkaline.lv\/en\/wp-json\/wp\/v2\/types\/product"}],"wp:featuredmedia":[{"embeddable":true,"href":"https:\/\/alkaline.lv\/en\/wp-json\/wp\/v2\/media\/73391"}],"wp:attachment":[{"href":"https:\/\/alkaline.lv\/en\/wp-json\/wp\/v2\/media?parent=73390"}],"wp:term":[{"taxonomy":"product_cat","embeddable":true,"href":"https:\/\/alkaline.lv\/en\/wp-json\/wp\/v2\/product_cat?post=73390"},{"taxonomy":"product_tag","embeddable":true,"href":"https:\/\/alkaline.lv\/en\/wp-json\/wp\/v2\/product_tag?post=73390"}],"curies":[{"name":"wp","href":"https:\/\/api.w.org\/{rel}","templated":true}]}}