{"id":73396,"date":"2025-11-24T08:51:14","date_gmt":"2025-11-24T06:51:14","guid":{"rendered":"https:\/\/alkaline.lv\/?post_type=product&#038;p=73396"},"modified":"2025-11-24T08:53:49","modified_gmt":"2025-11-24T06:53:49","slug":"aromatizets-universals-tirisanas-lidzeklis-good-sense-vert-5-l","status":"publish","type":"product","link":"https:\/\/alkaline.lv\/en\/products\/aromatizets-universals-tirisanas-lidzeklis-good-sense-vert-5-l\/","title":{"rendered":"Aromatiz\u0113ts univers\u0101ls t\u012br\u012b\u0161anas l\u012bdzeklis GOOD SENSE VERT, 5 L"},"content":{"rendered":"<h2 class=\"product-details-title\">Aromatiz\u0113ts univers\u0101ls t\u012br\u012b\u0161anas l\u012bdzeklis GOOD SENSE VERT apraksts:<\/h2>\n<div>\n<div class=\"item-long-desc\">\n<p>Good Sense Vert ir aromatiz\u0113ts, smaku neitraliz\u0113jo\u0161s, univers\u0101ls cietu un \u016bdens notur\u012bgu virsmu t\u012br\u012b\u0161anai.<br \/>\n<strong>\u012apa\u0161\u012bbas:<\/strong><br \/>\n&#8211; Notur\u012bgs, svaigs arom\u0101ts;<br \/>\n&#8211; Ar O.N.T. tehnolo\u0123iju (smaku neitraliz\u0113\u0161anas tehnolo\u0123ija);<br \/>\n&#8211; pH neitr\u0101ls.<\/p>\n<p><strong>Priek\u0161roc\u012bbas:\u00a0<\/strong><br \/>\n&#8211; Atsvaidzina gaisu un t\u012bra, neatst\u0101jot sv\u012btras;<br \/>\n&#8211; Neitraliz\u0113 nepat\u012bkamas smakas (O.N.T. tehnolo\u0123ija) un pie\u0161\u0137ir telpai pat\u012bkamu, svaigu un notur\u012bgu arom\u0101tu;<br \/>\n&#8211; Piem\u0113rots vis\u0101m \u016bdens notur\u012bg\u0101m virsm\u0101m (piem\u0113ram, dab\u012bg\u0101 un m\u0101ksl\u012bg\u0101 akmens gr\u012bdas, keramikas fl\u012bzes, plastmasas virsmas, spogu\u013ci, porcel\u0101ns un emalja).<\/p>\n<p><strong>Sign\u0101lv\u0101rds:\u00a0<\/strong>Uzman\u012bbu.<br \/>\n<strong>Satur:<\/strong>\u00a02,4-dimethylcyclohex-3-ene-1-carbaldehyde (2,4-Dimethyl-3-Cyclohexene Carboxaldehyde), heksilkan\u0113\u013csk\u0101bes aldeh\u012bds (Hexyl Cinnamal)<br \/>\n<strong>B\u012bstam\u012bbas pazi\u0146ojumi:<\/strong>\u00a0H319 &#8211; Izraisa nopietnu acu kairin\u0101jumu. EUH208 &#8211; Var izrais\u012bt aler\u0123isku reakciju.<\/p>\n<\/div>\n<\/div>\n<p><strong>Arom\u0101ts: \u0100bolu<\/strong><\/p>\n<p><strong>Z\u012bmols: Diversey<\/strong><\/p>\n<p><strong>Tilpums: 5<\/strong><strong>L<\/strong><\/p>\n<p>&nbsp;<\/p>\n","protected":false},"excerpt":{"rendered":"<div class=\"item_meta\"><\/div>\n<div><\/div>\n","protected":false},"featured_media":73397,"template":"","meta":{"inline_featured_image":false},"product_cat":[1776],"product_tag":[],"class_list":{"0":"post-73396","1":"product","2":"type-product","3":"status-publish","4":"has-post-thumbnail","6":"product_cat-gridu-ikdienas-uzkopsanai","8":"first","9":"instock","10":"taxable","11":"shipping-taxable","12":"purchasable","13":"product-type-simple","14":"add-to-wishlist-after_add_to_cart"},"_links":{"self":[{"href":"https:\/\/alkaline.lv\/en\/wp-json\/wp\/v2\/product\/73396","targetHints":{"allow":["GET"]}}],"collection":[{"href":"https:\/\/alkaline.lv\/en\/wp-json\/wp\/v2\/product"}],"about":[{"href":"https:\/\/alkaline.lv\/en\/wp-json\/wp\/v2\/types\/product"}],"wp:featuredmedia":[{"embeddable":true,"href":"https:\/\/alkaline.lv\/en\/wp-json\/wp\/v2\/media\/73397"}],"wp:attachment":[{"href":"https:\/\/alkaline.lv\/en\/wp-json\/wp\/v2\/media?parent=73396"}],"wp:term":[{"taxonomy":"product_cat","embeddable":true,"href":"https:\/\/alkaline.lv\/en\/wp-json\/wp\/v2\/product_cat?post=73396"},{"taxonomy":"product_tag","embeddable":true,"href":"https:\/\/alkaline.lv\/en\/wp-json\/wp\/v2\/product_tag?post=73396"}],"curies":[{"name":"wp","href":"https:\/\/api.w.org\/{rel}","templated":true}]}}