{"id":73406,"date":"2025-11-28T09:40:37","date_gmt":"2025-11-28T07:40:37","guid":{"rendered":"https:\/\/alkaline.lv\/?post_type=product&#038;p=73406"},"modified":"2025-11-28T09:53:38","modified_gmt":"2025-11-28T07:53:38","slug":"expert-3-san-telpu-tir-lidz-toilet-descal-5l","status":"publish","type":"product","link":"https:\/\/alkaline.lv\/en\/products\/expert-3-san-telpu-tir-lidz-toilet-descal-5l\/","title":{"rendered":"EXPERT 3 san. telpu t\u012br. l\u012bdz. TOILET DESCAL 5L"},"content":{"rendered":"<div class=\"catalog-element-information-right\">\n<div class=\"catalog-element-information-right-wrapper\">\n<div class=\"catalog-element-information-part 4\">\n<div class=\"catalog-element-tabs-right\">\n<div class=\"catalog-element-sections catalog-element-sections-tabs tab-content\">\n<div id=\"i-20-bitrix-catalog-element-catalog-default-1-qepX1RQfHh6Q-description\" class=\"catalog-element-section tab-pane active\" role=\"tabpanel\">\n<div class=\"catalog-element-section-content\" data-role=\"section.content\">\n<div class=\"catalog-element-section-description intec-ui-mark-text\">\n<p>EXPERT 3 &#8211; Toilet Descaler &#8211; Lielisks l\u012bdzeklis r\u016bsas un nosl\u0101\u0146oju\u0161os s\u0101\u013cu t\u012br\u012b\u0161anai. Uzsmidzina uz virsmas un \u013cauj iedarboties 5-10 min\u016btes. Lab\u0101ka rezult\u0101ta sasnieg\u0161anai mazg\u0101 ar suku. Sevi\u0161\u0137i net\u012br\u0101m virsm\u0101m process j\u0101atk\u0101rto vai j\u0101\u013cauj l\u012bdzeklim iedarboties ilg\u0101ku laiku. Lietojot k\u0101 koncentr\u0101tu, ieteicams izmantot gumijas cimdus. Dezinfic\u0113jo\u0161a iedarb\u012bba. Piem\u0113rots vara virsmu t\u012br\u012b\u0161anai.<\/p>\n<p>Uzman\u012bbu: Izraisa nopietnu acu kairin\u0101jumu. Kairina \u0101du. Sarg\u0101t no b\u0113rniem. Izmantot aizsargcimdus\/aizsargdr\u0113bes\/acu aizsargus\/aizsargapavus. SASKAR\u0112 AR \u0100DU: nomazg\u0101t ar lielu \u016bdens daudzumu. SASKAR\u0112 AR AC\u012aM: uzman\u012bgi izskalot ar \u016bdeni vair\u0101kas min\u016btes. Iz\u0146emt kontaktl\u0113cas, ja t\u0101s ir ievietotas un ja to var vien\u0101r\u0161i izdar\u012bt. Turpin\u0101t skalot. Ja acu iekaisums nep\u0101riet, l\u016bdziet medi\u0137u pal\u012bdz\u012bbu.<\/p>\n<\/div>\n<\/div>\n<\/div>\n<\/div>\n<\/div>\n<\/div>\n<\/div>\n<\/div>\n<p><strong>Tilpums: 5000ml<\/strong><\/p>\n","protected":false},"excerpt":{"rendered":"<div class=\"item_meta\"><\/div>\n<div><\/div>\n","protected":false},"featured_media":73407,"template":"","meta":{"inline_featured_image":false},"product_cat":[73,78],"product_tag":[],"class_list":{"0":"post-73406","1":"product","2":"type-product","3":"status-publish","4":"has-post-thumbnail","6":"product_cat-dezinfekcijas-lidzekli","7":"product_cat-sanitaro-telpu-tirisanai","9":"first","10":"instock","11":"taxable","12":"shipping-taxable","13":"purchasable","14":"product-type-simple","15":"add-to-wishlist-after_add_to_cart"},"_links":{"self":[{"href":"https:\/\/alkaline.lv\/en\/wp-json\/wp\/v2\/product\/73406","targetHints":{"allow":["GET"]}}],"collection":[{"href":"https:\/\/alkaline.lv\/en\/wp-json\/wp\/v2\/product"}],"about":[{"href":"https:\/\/alkaline.lv\/en\/wp-json\/wp\/v2\/types\/product"}],"wp:featuredmedia":[{"embeddable":true,"href":"https:\/\/alkaline.lv\/en\/wp-json\/wp\/v2\/media\/73407"}],"wp:attachment":[{"href":"https:\/\/alkaline.lv\/en\/wp-json\/wp\/v2\/media?parent=73406"}],"wp:term":[{"taxonomy":"product_cat","embeddable":true,"href":"https:\/\/alkaline.lv\/en\/wp-json\/wp\/v2\/product_cat?post=73406"},{"taxonomy":"product_tag","embeddable":true,"href":"https:\/\/alkaline.lv\/en\/wp-json\/wp\/v2\/product_tag?post=73406"}],"curies":[{"name":"wp","href":"https:\/\/api.w.org\/{rel}","templated":true}]}}