{"id":73430,"date":"2025-12-14T20:52:00","date_gmt":"2025-12-14T18:52:00","guid":{"rendered":"https:\/\/alkaline.lv\/?post_type=product&#038;p=73430"},"modified":"2025-12-14T20:53:58","modified_gmt":"2025-12-14T18:53:58","slug":"atkritumu-maisi-spino-20l-hdpe-45x54cm-12my-20gb-rul-balts","status":"publish","type":"product","link":"https:\/\/alkaline.lv\/en\/products\/atkritumu-maisi-spino-20l-hdpe-45x54cm-12my-20gb-rul-balts\/","title":{"rendered":"Atkritumu maisi Spino, 20l, HDPE, (45x54cm) 12my, 20gb\/rul. Balts"},"content":{"rendered":"<div class=\"product-description\">Balti, viegli caursp\u012bd\u012bgi, atkritumu maisi SPINO. Pateicoties savai<br \/>\nneuzkr\u012bto\u0161ajai kr\u0101sai tie ir \u012bpa\u0161i piem\u0113roti lieto\u0161anai birojos,<br \/>\nkabinetos un telp\u0101s, kur pap\u012brgrozi ir viegli paman\u0101mi, ta\u010du<br \/>\ntiem neb\u016btu v\u0113lams izcelties uz kop\u0113j\u0101 interjera fona.<br \/>\nRull\u012b 20 gabali, ar perfor\u0101ciju, viegli nopl\u0113\u0161ami. Izgatavoti no<br \/>\naugsta bl\u012bvuma polietil\u0113na (HDPE).<\/div>\n<div class=\"product-specification\">\n<h2 id=\"product-info\">Produkta specifik\u0101cija<\/h2>\n<table>\n<tbody>\n<tr>\n<td class=\"width\">Platums<\/td>\n<td>45cm<\/td>\n<\/tr>\n<tr>\n<td class=\"height\">Augstums<\/td>\n<td>54cm<\/td>\n<\/tr>\n<tr>\n<td class=\"volume\">Tilpums<\/td>\n<td>20l<\/td>\n<\/tr>\n<tr>\n<td class=\"color\">Kr\u0101sa<\/td>\n<td>Balta<\/td>\n<\/tr>\n<tr>\n<td class=\"material\">Materi\u0101ls<\/td>\n<td>HDPE<\/td>\n<\/tr>\n<tr>\n<td class=\"qty_in_roll\">Skaits rull\u012b<\/td>\n<td>20<\/td>\n<\/tr>\n<tr>\n<td class=\"qty_in_box\">Daudz. kast\u0113<\/td>\n<td>100<\/td>\n<\/tr>\n<\/tbody>\n<\/table>\n<\/div>\n","protected":false},"excerpt":{"rendered":"<div class=\"item_meta\"><\/div>\n<div><\/div>\n","protected":false},"featured_media":73431,"template":"","meta":{"inline_featured_image":false},"product_cat":[139],"product_tag":[],"class_list":{"0":"post-73430","1":"product","2":"type-product","3":"status-publish","4":"has-post-thumbnail","6":"product_cat-atkritumu-maisi-hdpe-15-100l-planie","8":"first","9":"instock","10":"taxable","11":"shipping-taxable","12":"purchasable","13":"product-type-simple","14":"add-to-wishlist-after_add_to_cart"},"_links":{"self":[{"href":"https:\/\/alkaline.lv\/en\/wp-json\/wp\/v2\/product\/73430","targetHints":{"allow":["GET"]}}],"collection":[{"href":"https:\/\/alkaline.lv\/en\/wp-json\/wp\/v2\/product"}],"about":[{"href":"https:\/\/alkaline.lv\/en\/wp-json\/wp\/v2\/types\/product"}],"wp:featuredmedia":[{"embeddable":true,"href":"https:\/\/alkaline.lv\/en\/wp-json\/wp\/v2\/media\/73431"}],"wp:attachment":[{"href":"https:\/\/alkaline.lv\/en\/wp-json\/wp\/v2\/media?parent=73430"}],"wp:term":[{"taxonomy":"product_cat","embeddable":true,"href":"https:\/\/alkaline.lv\/en\/wp-json\/wp\/v2\/product_cat?post=73430"},{"taxonomy":"product_tag","embeddable":true,"href":"https:\/\/alkaline.lv\/en\/wp-json\/wp\/v2\/product_tag?post=73430"}],"curies":[{"name":"wp","href":"https:\/\/api.w.org\/{rel}","templated":true}]}}